{"id":31,"date":"2023-03-21T11:13:59","date_gmt":"2023-03-21T11:13:59","guid":{"rendered":"https:\/\/www.teeviit.ee\/youth-wiki\/?page_id=31"},"modified":"2023-03-22T08:35:10","modified_gmt":"2023-03-22T08:35:10","slug":"sotsiaalne-kaasatus","status":"publish","type":"page","link":"https:\/\/www.teeviit.ee\/youth-wiki\/sotsiaalne-kaasatus\/","title":{"rendered":"Sotsiaalne kaasatus"},"content":{"rendered":"\n<p><a href=\"https:\/\/www.hm.ee\/et\/noortekava-2035\">Noortevaldkonna arengukava 2021-2035<\/a> on v\u00f5tnud noorte sotsiaalse kaasatuse \u00fcheks prioriteediks, sh noorte v\u00f5imalused eneseteostuseks, \u00f5igused v\u00e4hemate v\u00f5imalustega noortele, kvaliteetse noorsoot\u00f6\u00f6 k\u00e4ttesaadavus ja riskigruppide varajase t\u00f5rjutuse ennetamine. Seoses erinevate v\u00e4ljakutsetega arvestatakse noorte arvu muutusi, erinevate piirkondade ebav\u00f5rdsust ning ligip\u00e4\u00e4setavust haridusele, t\u00f6\u00f6le ja avalikele teenustele. Noorte kaasatusega v\u00e4ljakutsetega seotud andmeid on v\u00f5imalik leida <a href=\"https:\/\/juhtimislauad.stat.ee\/et\/noorteseire-6\">Noorteseire juhtimislaualt<\/a>. Lisaks tegeleb sotsiaalse kaasatusega ka <a href=\"https:\/\/www.sm.ee\/sites\/default\/files\/content-editors\/eesmargid_ja_tegevused\/welfare_development_plan_2016-2023.pdf\">heaolu arengukava 2016-2023<\/a>, mis paneb paika sotsiaalse heaolu p\u00f5him\u00f5tted. P\u00f5hilist koost\u00f6\u00f6d seoses noorte sotsiaalse kaasatusega teevad <a href=\"http:\/\/hm.ee\">Haridus- ja Teadusministeerium<\/a> ning <a href=\"http:\/\/sm.ee\">Sotsiaalministeerium<\/a>.<\/p>\n\n\n\n<p>Noorte elukohaga seotud probleemide lahendamiseks on valitsusel neli v\u00f5imalust \u2013 kodulaenuk\u00e4endus, suurte perede kodutoetus, riigipoolne majutus \u00f5pingute ajal ning asenduskodu teenus. Samuti pakutakse <a href=\"https:\/\/www.riigiteataja.ee\/akt\/122122022013?leiaKehtiv\">sotsiaalhoolekande seaduse<\/a> alusel erinevaid sotsiaalteenuseid. Kodulaenuk\u00e4enduse p\u00f5hiline sihtr\u00fchm on noored pered ja noored spetsialistid.<\/p>\n\n\n\n<p><a href=\"https:\/\/www.riigiteataja.ee\/akt\/122122022005?leiaKehtiv\">Ravikindlustuse seaduse<\/a> alusel on k\u00f5igile noortele alla 19. eluaasta ja kes \u00f5pivad p\u00f5hi-, kesk-, kutse- v\u00f5i k\u00f5rghariduses, tasuta tervishoiuteenused. <a href=\"https:\/\/www.sm.ee\/rahvastiku-tervise-arengukava-2020-2030\">Rahvastiku tervise arengukava 2020-2030<\/a> seab eesm\u00e4rgiks keskmise eluea t\u00f5usmist 78. eluaastani meeste puhul ning 84. eluaastani naiste puhul. Laste- ja noortespetsiifilised eesm\u00e4rgid on j\u00e4rgmised:<\/p>\n\n\n\n<ul class=\"wp-block-list\">\n<li>vaimse tervise tugi (kuni 50% vaimse tervise probleemidest ilmnevad enne 14. eluaastat ning 75% enne 24. eluaastat);<\/li>\n\n\n\n<li>vigastuste ennetamine (olles noorte \u00fcks peamisi surmap\u00f5hjuseid);<\/li>\n\n\n\n<li>teadlikkuse t\u00f5stmine tervislikust toitumisest ja eluviisist.<\/li>\n<\/ul>\n\n\n\n<p>Tervise edendamisega tegeleb Eestis <a href=\"https:\/\/tai.ee\/et\">Tervise Arengu Instituut<\/a>.<\/p>\n\n\n\n<p>Noorte sotsiaalse kaasatuse programmidest saab tuua n\u00e4iteks <a href=\"https:\/\/www.harno.ee\/hooliv-klass\">Hooliva Klassi<\/a>, mille eesm\u00e4rk on toetada klassis positiivsete suhete tekkimist \u00f5pilaste, \u00f5petajate ja tugipersonali vahel. Programm on suunatud 6. ja 7. klassi \u00f5pilastele ning seda koordineerib <a href=\"http:\/\/harno.ee\">Haridus- ja Noorteamet<\/a>.&nbsp;Parendamaks noorsoot\u00f6\u00f6tajate p\u00e4devusi noorte kaasamise teemal, on v\u00e4lja antud <a href=\"https:\/\/mitteformaalne.ee\/wp-content\/uploads\/2020\/01\/kaasava_noorsootoo_kasiraamat_lowreso.pdf\">kaasava noorsoot\u00f6\u00f6 k\u00e4siraamat<\/a>.<\/p>\n","protected":false},"excerpt":{"rendered":"<p>Noortevaldkonna arengukava 2021-2035 on v\u00f5tnud noorte sotsiaalse kaasatuse \u00fcheks prioriteediks, sh noorte v\u00f5imalused eneseteostuseks, \u00f5igused v\u00e4hemate v\u00f5imalustega noortele, kvaliteetse noorsoot\u00f6\u00f6 k\u00e4ttesaadavus ja riskigruppide varajase t\u00f5rjutuse ennetamine. Seoses erinevate v\u00e4ljakutsetega arvestatakse noorte arvu muutusi, erinevate piirkondade ebav\u00f5rdsust ning ligip\u00e4\u00e4setavust haridusele, t\u00f6\u00f6le ja avalikele teenustele. Noorte kaasatusega v\u00e4ljakutsetega seotud andmeid on v\u00f5imalik leida Noorteseire juhtimislaualt. Lisaks tegeleb [&hellip;]<\/p>\n","protected":false},"author":1,"featured_media":0,"parent":0,"menu_order":0,"comment_status":"closed","ping_status":"closed","template":"","meta":{"_acf_changed":false,"footnotes":""},"class_list":["post-31","page","type-page","status-publish","hentry"],"acf":[],"blocks_custom":[{"blockName":"core\/paragraph","attrs":[],"innerBlocks":[],"innerHTML":"\n<p><a href=\"https:\/\/www.hm.ee\/et\/noortekava-2035\">Noortevaldkonna arengukava 2021-2035<\/a> on v\u00f5tnud noorte sotsiaalse kaasatuse \u00fcheks prioriteediks, sh noorte v\u00f5imalused eneseteostuseks, \u00f5igused v\u00e4hemate v\u00f5imalustega noortele, kvaliteetse noorsoot\u00f6\u00f6 k\u00e4ttesaadavus ja riskigruppide varajase t\u00f5rjutuse ennetamine. Seoses erinevate v\u00e4ljakutsetega arvestatakse noorte arvu muutusi, erinevate piirkondade ebav\u00f5rdsust ning ligip\u00e4\u00e4setavust haridusele, t\u00f6\u00f6le ja avalikele teenustele. Noorte kaasatusega v\u00e4ljakutsetega seotud andmeid on v\u00f5imalik leida <a href=\"https:\/\/juhtimislauad.stat.ee\/et\/noorteseire-6\">Noorteseire juhtimislaualt<\/a>. Lisaks tegeleb sotsiaalse kaasatusega ka <a href=\"https:\/\/www.sm.ee\/sites\/default\/files\/content-editors\/eesmargid_ja_tegevused\/welfare_development_plan_2016-2023.pdf\">heaolu arengukava 2016-2023<\/a>, mis paneb paika sotsiaalse heaolu p\u00f5him\u00f5tted. P\u00f5hilist koost\u00f6\u00f6d seoses noorte sotsiaalse kaasatusega teevad <a href=\"http:\/\/hm.ee\">Haridus- ja Teadusministeerium<\/a> ning <a href=\"http:\/\/sm.ee\">Sotsiaalministeerium<\/a>.<\/p>\n","innerContent":["\n<p><a href=\"https:\/\/www.hm.ee\/et\/noortekava-2035\">Noortevaldkonna arengukava 2021-2035<\/a> on v\u00f5tnud noorte sotsiaalse kaasatuse \u00fcheks prioriteediks, sh noorte v\u00f5imalused eneseteostuseks, \u00f5igused v\u00e4hemate v\u00f5imalustega noortele, kvaliteetse noorsoot\u00f6\u00f6 k\u00e4ttesaadavus ja riskigruppide varajase t\u00f5rjutuse ennetamine. Seoses erinevate v\u00e4ljakutsetega arvestatakse noorte arvu muutusi, erinevate piirkondade ebav\u00f5rdsust ning ligip\u00e4\u00e4setavust haridusele, t\u00f6\u00f6le ja avalikele teenustele. Noorte kaasatusega v\u00e4ljakutsetega seotud andmeid on v\u00f5imalik leida <a href=\"https:\/\/juhtimislauad.stat.ee\/et\/noorteseire-6\">Noorteseire juhtimislaualt<\/a>. Lisaks tegeleb sotsiaalse kaasatusega ka <a href=\"https:\/\/www.sm.ee\/sites\/default\/files\/content-editors\/eesmargid_ja_tegevused\/welfare_development_plan_2016-2023.pdf\">heaolu arengukava 2016-2023<\/a>, mis paneb paika sotsiaalse heaolu p\u00f5him\u00f5tted. P\u00f5hilist koost\u00f6\u00f6d seoses noorte sotsiaalse kaasatusega teevad <a href=\"http:\/\/hm.ee\">Haridus- ja Teadusministeerium<\/a> ning <a href=\"http:\/\/sm.ee\">Sotsiaalministeerium<\/a>.<\/p>\n"]},{"blockName":null,"attrs":[],"innerBlocks":[],"innerHTML":"\n\n","innerContent":["\n\n"]},{"blockName":"core\/paragraph","attrs":[],"innerBlocks":[],"innerHTML":"\n<p>Noorte elukohaga seotud probleemide lahendamiseks on valitsusel neli v\u00f5imalust \u2013 kodulaenuk\u00e4endus, suurte perede kodutoetus, riigipoolne majutus \u00f5pingute ajal ning asenduskodu teenus. Samuti pakutakse <a href=\"https:\/\/www.riigiteataja.ee\/akt\/122122022013?leiaKehtiv\">sotsiaalhoolekande seaduse<\/a> alusel erinevaid sotsiaalteenuseid. Kodulaenuk\u00e4enduse p\u00f5hiline sihtr\u00fchm on noored pered ja noored spetsialistid.<\/p>\n","innerContent":["\n<p>Noorte elukohaga seotud probleemide lahendamiseks on valitsusel neli v\u00f5imalust \u2013 kodulaenuk\u00e4endus, suurte perede kodutoetus, riigipoolne majutus \u00f5pingute ajal ning asenduskodu teenus. Samuti pakutakse <a href=\"https:\/\/www.riigiteataja.ee\/akt\/122122022013?leiaKehtiv\">sotsiaalhoolekande seaduse<\/a> alusel erinevaid sotsiaalteenuseid. Kodulaenuk\u00e4enduse p\u00f5hiline sihtr\u00fchm on noored pered ja noored spetsialistid.<\/p>\n"]},{"blockName":null,"attrs":[],"innerBlocks":[],"innerHTML":"\n\n","innerContent":["\n\n"]},{"blockName":"core\/paragraph","attrs":[],"innerBlocks":[],"innerHTML":"\n<p><a href=\"https:\/\/www.riigiteataja.ee\/akt\/122122022005?leiaKehtiv\">Ravikindlustuse seaduse<\/a> alusel on k\u00f5igile noortele alla 19. eluaasta ja kes \u00f5pivad p\u00f5hi-, kesk-, kutse- v\u00f5i k\u00f5rghariduses, tasuta tervishoiuteenused. <a href=\"https:\/\/www.sm.ee\/rahvastiku-tervise-arengukava-2020-2030\">Rahvastiku tervise arengukava 2020-2030<\/a> seab eesm\u00e4rgiks keskmise eluea t\u00f5usmist 78. eluaastani meeste puhul ning 84. eluaastani naiste puhul. Laste- ja noortespetsiifilised eesm\u00e4rgid on j\u00e4rgmised:<\/p>\n","innerContent":["\n<p><a href=\"https:\/\/www.riigiteataja.ee\/akt\/122122022005?leiaKehtiv\">Ravikindlustuse seaduse<\/a> alusel on k\u00f5igile noortele alla 19. eluaasta ja kes \u00f5pivad p\u00f5hi-, kesk-, kutse- v\u00f5i k\u00f5rghariduses, tasuta tervishoiuteenused. <a href=\"https:\/\/www.sm.ee\/rahvastiku-tervise-arengukava-2020-2030\">Rahvastiku tervise arengukava 2020-2030<\/a> seab eesm\u00e4rgiks keskmise eluea t\u00f5usmist 78. eluaastani meeste puhul ning 84. eluaastani naiste puhul. Laste- ja noortespetsiifilised eesm\u00e4rgid on j\u00e4rgmised:<\/p>\n"]},{"blockName":null,"attrs":[],"innerBlocks":[],"innerHTML":"\n\n","innerContent":["\n\n"]},{"blockName":"core\/list","attrs":[],"innerBlocks":[{"blockName":"core\/list-item","attrs":[],"innerBlocks":[],"innerHTML":"\n<li>vaimse tervise tugi (kuni 50% vaimse tervise probleemidest ilmnevad enne 14. eluaastat ning 75% enne 24. eluaastat);<\/li>\n","innerContent":["\n<li>vaimse tervise tugi (kuni 50% vaimse tervise probleemidest ilmnevad enne 14. eluaastat ning 75% enne 24. eluaastat);<\/li>\n"]},{"blockName":"core\/list-item","attrs":[],"innerBlocks":[],"innerHTML":"\n<li>vigastuste ennetamine (olles noorte \u00fcks peamisi surmap\u00f5hjuseid);<\/li>\n","innerContent":["\n<li>vigastuste ennetamine (olles noorte \u00fcks peamisi surmap\u00f5hjuseid);<\/li>\n"]},{"blockName":"core\/list-item","attrs":[],"innerBlocks":[],"innerHTML":"\n<li>teadlikkuse t\u00f5stmine tervislikust toitumisest ja eluviisist.<\/li>\n","innerContent":["\n<li>teadlikkuse t\u00f5stmine tervislikust toitumisest ja eluviisist.<\/li>\n"]}],"innerHTML":"\n<ul>\n\n\n\n<\/ul>\n","innerContent":["\n<ul>",null,"\n\n",null,"\n\n",null,"<\/ul>\n"]},{"blockName":null,"attrs":[],"innerBlocks":[],"innerHTML":"\n\n","innerContent":["\n\n"]},{"blockName":"core\/paragraph","attrs":[],"innerBlocks":[],"innerHTML":"\n<p>Tervise edendamisega tegeleb Eestis <a href=\"https:\/\/tai.ee\/et\">Tervise Arengu Instituut<\/a>.<\/p>\n","innerContent":["\n<p>Tervise edendamisega tegeleb Eestis <a href=\"https:\/\/tai.ee\/et\">Tervise Arengu Instituut<\/a>.<\/p>\n"]},{"blockName":null,"attrs":[],"innerBlocks":[],"innerHTML":"\n\n","innerContent":["\n\n"]},{"blockName":"core\/paragraph","attrs":[],"innerBlocks":[],"innerHTML":"\n<p>Noorte sotsiaalse kaasatuse programmidest saab tuua n\u00e4iteks <a href=\"https:\/\/www.harno.ee\/hooliv-klass\">Hooliva Klassi<\/a>, mille eesm\u00e4rk on toetada klassis positiivsete suhete tekkimist \u00f5pilaste, \u00f5petajate ja tugipersonali vahel. Programm on suunatud 6. ja 7. klassi \u00f5pilastele ning seda koordineerib <a href=\"http:\/\/harno.ee\">Haridus- ja Noorteamet<\/a>.&nbsp;Parendamaks noorsoot\u00f6\u00f6tajate p\u00e4devusi noorte kaasamise teemal, on v\u00e4lja antud <a href=\"https:\/\/mitteformaalne.ee\/wp-content\/uploads\/2020\/01\/kaasava_noorsootoo_kasiraamat_lowreso.pdf\">kaasava noorsoot\u00f6\u00f6 k\u00e4siraamat<\/a>.<\/p>\n","innerContent":["\n<p>Noorte sotsiaalse kaasatuse programmidest saab tuua n\u00e4iteks <a href=\"https:\/\/www.harno.ee\/hooliv-klass\">Hooliva Klassi<\/a>, mille eesm\u00e4rk on toetada klassis positiivsete suhete tekkimist \u00f5pilaste, \u00f5petajate ja tugipersonali vahel. Programm on suunatud 6. ja 7. klassi \u00f5pilastele ning seda koordineerib <a href=\"http:\/\/harno.ee\">Haridus- ja Noorteamet<\/a>.&nbsp;Parendamaks noorsoot\u00f6\u00f6tajate p\u00e4devusi noorte kaasamise teemal, on v\u00e4lja antud <a href=\"https:\/\/mitteformaalne.ee\/wp-content\/uploads\/2020\/01\/kaasava_noorsootoo_kasiraamat_lowreso.pdf\">kaasava noorsoot\u00f6\u00f6 k\u00e4siraamat<\/a>.<\/p>\n"]}],"_links":{"self":[{"href":"https:\/\/www.teeviit.ee\/youth-wiki\/wp-json\/wp\/v2\/pages\/31","targetHints":{"allow":["GET"]}}],"collection":[{"href":"https:\/\/www.teeviit.ee\/youth-wiki\/wp-json\/wp\/v2\/pages"}],"about":[{"href":"https:\/\/www.teeviit.ee\/youth-wiki\/wp-json\/wp\/v2\/types\/page"}],"author":[{"embeddable":true,"href":"https:\/\/www.teeviit.ee\/youth-wiki\/wp-json\/wp\/v2\/users\/1"}],"replies":[{"embeddable":true,"href":"https:\/\/www.teeviit.ee\/youth-wiki\/wp-json\/wp\/v2\/comments?post=31"}],"version-history":[{"count":2,"href":"https:\/\/www.teeviit.ee\/youth-wiki\/wp-json\/wp\/v2\/pages\/31\/revisions"}],"predecessor-version":[{"id":50,"href":"https:\/\/www.teeviit.ee\/youth-wiki\/wp-json\/wp\/v2\/pages\/31\/revisions\/50"}],"wp:attachment":[{"href":"https:\/\/www.teeviit.ee\/youth-wiki\/wp-json\/wp\/v2\/media?parent=31"}],"curies":[{"name":"wp","href":"https:\/\/api.w.org\/{rel}","templated":true}]}}