{"id":1757,"date":"2024-06-28T09:23:14","date_gmt":"2024-06-28T09:23:14","guid":{"rendered":"https:\/\/www.teeviit.ee\/youth-wiki\/?page_id=1757"},"modified":"2024-11-14T12:17:00","modified_gmt":"2024-11-14T12:17:00","slug":"andmekaitsetingimused","status":"publish","type":"page","link":"https:\/\/www.teeviit.ee\/youth-wiki\/andmekaitsetingimused\/","title":{"rendered":"Andmekaitsetingimused"},"content":{"rendered":"<style>\n@media(max-width: 1159px) {\n.main-language.loading:after {\ndisplay: none !important;\n}\n}\nol {\n  counter-reset: section var(--start-counter);\n}\nol > li {\n  display: block;\n  counter-increment: section;\n}\nol > li:before {\n  content: counter(section) \". \";\n}\nol[start] > li:before {\n  font-weight: bold;\n}\nol > li > ol {\n  counter-reset: subsection;\n}\nol > li > ol > li {\n  display: block;\n  counter-increment: subsection;\n}\nol > li > ol > li:before {\n  content: counter(section) \".\" counter(subsection) \". \";\n}\nol > li > ol > li > ol {\n  counter-reset: subsubsection;\n}\nol > li > ol > li > ol > li {\n  display: block;\n  counter-increment: subsubsection;\n}\nol > li > ol > li > ol > li:before {\n  content: counter(section) \".\" counter(subsection) \".\" counter(subsubsection) \". \";\n}\n<\/style>\n<p>Viimati uuendatud: 14.03.2024<\/p>\n<p>V\u00f5tame Sinu privaatsust t\u00f5siselt. Isikuandmed on mis tahes teave, mida saab isiku tuvastamiseks kasutada.<\/p>\n<p>Rakendame noorteinfoportaalis Teeviit Youth Wiki asjakohaseid meetmeid, et kindlustada Su isikuandmete kaitse, kui s\u00fcsteemiga oma isikuandmeid jagad. Tagame, et Su isikuandmete t\u00f6\u00f6tlemine on vastavuse kehtiva seadusandluse, suuniste ja korraga. Ka Teeviit Youth Wiki portaali omanikul on m\u00e4\u00e4ratud andmekaitsespetsialist, kelle \u00fclesanne on meetmete rakendamist kontrollida.<\/p>\n<p>K\u00e4esolevas teabetekstis kirjeldame, mis isikuandmeid Sinult noorteinfoportaalis Teeviit Youth Wiki kogume, kuidas neid t\u00f6\u00f6tleme ja miks me seda teeme.<\/p>\n<ol style=\"--start-counter: 0; padding: 0; margin: 2em 0;\" start=\"1\">\n<li><b>Isikuandmete kogumine ja kasutamine<\/b>\n<ol>\n<li>Me v\u00f5ime koguda isikuandmeid, mida te otseselt esitate meie veebisaidi vormide kaudu, nagu n\u00e4iteks teie nimi, e-posti aadress ja muud kontaktandmed.<\/li>\n<li>Andmete t\u00f6\u00f6tlemise \u00f5iguslik alus: Teie n\u00f5usolek andmete t\u00f6\u00f6tlemiseks,<\/li>\n<li>Kasutame neid kogutud andmeid selleks, et vastata teie p\u00e4ringutele, saata teile teavet ja uuendusi ning pakkuda teile parimat v\u00f5imalikku kogemust meie veebisaidil.<\/li>\n<\/ol>\n<\/li>\n<\/ol>\n<ol style=\"--start-counter: 1; padding: 0; margin: 2em 0;\" start=\"2\">\n<li><b>K\u00fcpsisepoliitika<\/b>\n<ol>\n<li>Noorteinfoportaal teeviit.ee\/youth-wiki kasutab k\u00fcpsiseid.<\/li>\n<li>Veebilehe k\u00fclastamisel kogutakse ja s\u00e4ilitatakse k\u00fclastaja kohta kasutatava arvuti v\u00f5i arvutiv\u00f5rgu internetiaadress (IP-aadress), brauseri ja operatsioonis\u00fcsteemi tarkvara ja k\u00fclastamise aeg (kellaaeg, kuup\u00e4ev, aasta).<\/li>\n<li>IP-aadresse ei seota isikut tuvastava teabega. Kasutusstatistikat kasutatakse noorteinfoportaali teenuse arendamiseks, st Veebileht kasutab k\u00fcpsiseid selleks, et pakkuda kasutajale mugavamat ja s\u00f5bralikumat kasutajakogemust v\u00f5i sisu. K\u00fcpsised v\u00f5ivad kuuluda ka v\u00e4listele teenusepakkujatele, kelle teenuseid kasutame veebilehel (nt Google).<\/li>\n<\/ol>\n<\/li>\n<\/ol>\n<ol style=\"--start-counter: 2; padding: 0; margin: 2em 0;\" start=\"3\">\n<li><b>Google Analytics<\/b>\n<ol>\n<li>Me kasutame Google Analytics&#8217;i teenust, et koguda anon\u00fc\u00fcmset teavet veebisaidi k\u00fclastajate kohta, n\u00e4iteks veebilehitseja t\u00fc\u00fcp, seadme andmed ja k\u00fclastajate tegevus veebisaidil.<\/li>\n<\/ol>\n<\/li>\n<\/ol>\n<ol style=\"--start-counter: 3; padding: 0; margin: 2em 0;\" start=\"4\">\n<li><b>Isikuandmete s\u00e4ilitamine ja turvalisus<\/b>\n<ol>\n<li>Me s\u00e4ilitame kogutud isikuandmeid nii kaua, kui see on vajalik eesm\u00e4rkidel, milleks neid koguti, v\u00f5i seaduslike kohustuste t\u00e4itmiseks.<\/li>\n<li>Rakendame asjakohaseid tehnilisi ja organisatsioonilisi meetmeid, et kaitsta teie isikuandmeid volitamata juurdep\u00e4\u00e4su, muutmise v\u00f5i avalikustamise eest.<\/li>\n<\/ol>\n<\/li>\n<\/ol>\n<ol style=\"--start-counter: 4; padding: 0; margin: 2em 0;\" start=\"5\">\n<li><b>Kolmandate osapoolte lingid<\/b>\n<ol>\n<li>Meie veebisait v\u00f5ib sisaldada linke teistele veebisaitidele, mis ei kuulu meile. Me ei vastuta nende saitide sisu v\u00f5i privaatsuspoliitika eest ning soovitame teil enne nende saitide k\u00fclastamist tutvuda nende andmekaitsetingimustega.<\/li>\n<\/ol>\n<\/li>\n<\/ol>\n<ol style=\"--start-counter: 5; padding: 0; margin: 2em 0;\" start=\"6\">\n<li><b>Kellega v\u00f5ime Sinu isikuandmeid jagada?<\/b>\n<ol>\n<li>\u00d5iguskaitseorganid, riiklikud asutused, kohalikud omavalitsusasutused. Oma seadustest tulenevate kohustuste t\u00e4itmiseks v\u00f5ime \u00f5iguskaitseorganite, riiklike ja kohalike omavalitsusasutuste n\u00f5udmisel neile edastada Sinu isikuandmed. V\u00f5ime ka edastada Sinu isikuandmed \u00f5iguskaitseorganitele, riigi- ja kohaliku omavalitsuse asutustele \u00f5igusn\u00f5uete koostamiseks, esitamiseks ja kaitsmiseks.<\/li>\n<\/ol>\n<\/li>\n<\/ol>\n<ol style=\"--start-counter: 6; padding: 0; margin: 2em 0;\" start=\"7\">\n<li><b>Kus t\u00f6\u00f6tleme Sinu isikuandmeid?<\/b>\n<ol>\n<li>T\u00f6\u00f6tleme Sinu isikuandmeid alati Euroopa Liidu ja Euroopa Majanduspiirkonna siseselt. Sinu isikuandmeid ei edastata ega t\u00f6\u00f6delda v\u00e4ljaspool neid piirkondi asuvates riikides.<\/li>\n<\/ol>\n<\/li>\n<\/ol>\n<ol style=\"--start-counter: 7; padding: 0; margin: 2em 0;\" start=\"8\">\n<li><b>Sinu \u00f5igused<\/b>\n<ol>\n<li>\u00d5igusaktidega antakse Sulle \u00f5igused Sinu isikuandmete t\u00f6\u00f6tlemise osas. Euroopa Liidus reguleerib isikuandmete kaitsega seonduvat EL isikuandmete kaitse \u00fcldm\u00e4\u00e4rus, mis j\u00f5ustus 25.05.2018.a.\n<ol>\n<li>Teil on \u00f5igus n\u00f5uda juurdep\u00e4\u00e4su oma isikuandmetele, nende parandamist, kustutamist v\u00f5i t\u00f6\u00f6tlemise piiramist, samuti andmete \u00fclekandmist teisele andmet\u00f6\u00f6tlejale.<\/li>\n<li>Kui soovite oma \u00f5igusi kasutada v\u00f5i teil on k\u00fcsimusi meie andmekaitsepraktikate kohta, v\u00f5tke meiega \u00fchendust e-posti teel <a href=\"mailto:teeviit@harno.ee\">teeviit@harno.ee<\/a> ja <a href=\"mailto:andmekaitse@harno.ee\">andmekaitse@harno.ee<\/a><\/li>\n<\/ol>\n<\/li>\n<\/ol>\n<\/li>\n<\/ol>\n<ol style=\"--start-counter: 8; padding: 0; margin: 2em 0;\" start=\"9\">\n<li><b>Muudatused andmekaitsetingimustes<\/b>\n<ol>\n<li>K\u00e4esolevaid andmekaitsetingimusi v\u00f5idakse aeg-ajalt muuta v\u00f5i ajakohastada. Uuendatud versioonid j\u00f5ustuvad p\u00e4rast nende avaldamist veebisaidil.<\/li>\n<\/ol>\n<\/li>\n<\/ol>\n","protected":false},"excerpt":{"rendered":"<p>Viimati uuendatud: 14.03.2024 V\u00f5tame Sinu privaatsust t\u00f5siselt. Isikuandmed on mis tahes teave, mida saab isiku tuvastamiseks kasutada. Rakendame noorteinfoportaalis Teeviit Youth Wiki asjakohaseid meetmeid, et kindlustada Su isikuandmete kaitse, kui s\u00fcsteemiga oma isikuandmeid jagad. Tagame, et Su isikuandmete t\u00f6\u00f6tlemine on vastavuse kehtiva seadusandluse, suuniste ja korraga. Ka Teeviit Youth Wiki portaali omanikul on m\u00e4\u00e4ratud andmekaitsespetsialist, [&hellip;]<\/p>\n","protected":false},"author":6,"featured_media":0,"parent":0,"menu_order":0,"comment_status":"closed","ping_status":"closed","template":"","meta":{"_acf_changed":false,"footnotes":""},"class_list":["post-1757","page","type-page","status-publish","hentry"],"acf":[],"blocks_custom":[{"blockName":null,"attrs":[],"innerBlocks":[],"innerHTML":"<style>\n@media(max-width: 1159px) {\n.main-language.loading:after {\ndisplay: none !important;\n}\n}\nol {\n  counter-reset: section var(--start-counter);\n}\nol > li {\n  display: block;\n  counter-increment: section;\n}\nol > li:before {\n  content: counter(section) \". \";\n}\nol[start] > li:before {\n  font-weight: bold;\n}\nol > li > ol {\n  counter-reset: subsection;\n}\nol > li > ol > li {\n  display: block;\n  counter-increment: subsection;\n}\nol > li > ol > li:before {\n  content: counter(section) \".\" counter(subsection) \". \";\n}\nol > li > ol > li > ol {\n  counter-reset: subsubsection;\n}\nol > li > ol > li > ol > li {\n  display: block;\n  counter-increment: subsubsection;\n}\nol > li > ol > li > ol > li:before {\n  content: counter(section) \".\" counter(subsection) \".\" counter(subsubsection) \". \";\n}\n<\/style>\n<p>Viimati uuendatud: 14.03.2024<\/p>\n\n<p>V\u00f5tame Sinu privaatsust t\u00f5siselt. Isikuandmed on mis tahes teave, mida saab isiku tuvastamiseks kasutada.<\/p>\n\n<p>Rakendame noorteinfoportaalis Teeviit Youth Wiki asjakohaseid meetmeid, et kindlustada Su isikuandmete kaitse, kui s\u00fcsteemiga oma isikuandmeid jagad. Tagame, et Su isikuandmete t\u00f6\u00f6tlemine on vastavuse kehtiva seadusandluse, suuniste ja korraga. Ka Teeviit Youth Wiki portaali omanikul on m\u00e4\u00e4ratud andmekaitsespetsialist, kelle \u00fclesanne on meetmete rakendamist kontrollida.<\/p>\n\n<p>K\u00e4esolevas teabetekstis kirjeldame, mis isikuandmeid Sinult noorteinfoportaalis Teeviit Youth Wiki kogume, kuidas neid t\u00f6\u00f6tleme ja miks me seda teeme.<\/p>\n<ol style=\"--start-counter: 0; padding: 0; margin: 2em 0;\" start=\"1\">\n \t<li><b>Isikuandmete kogumine ja kasutamine<\/b>\n\t\t<ol>\n\t\t\t<li>Me v\u00f5ime koguda isikuandmeid, mida te otseselt esitate meie veebisaidi vormide kaudu, nagu n\u00e4iteks teie nimi, e-posti aadress ja muud kontaktandmed.<\/li>\n\t\t\t<li>Andmete t\u00f6\u00f6tlemise \u00f5iguslik alus: Teie n\u00f5usolek andmete t\u00f6\u00f6tlemiseks,<\/li>\n\t\t\t<li>Kasutame neid kogutud andmeid selleks, et vastata teie p\u00e4ringutele, saata teile teavet ja uuendusi ning pakkuda teile parimat v\u00f5imalikku kogemust meie veebisaidil.<\/li>\n\t\t<\/ol>\n\t<\/li>\n<\/ol>\n<ol style=\"--start-counter: 1; padding: 0; margin: 2em 0;\" start=\"2\">\n \t<li><b>K\u00fcpsisepoliitika<\/b>\n\t\t<ol>\n\t\t\t<li>Noorteinfoportaal teeviit.ee\/youth-wiki kasutab k\u00fcpsiseid.<\/li>\n\t\t\t<li>Veebilehe k\u00fclastamisel kogutakse ja s\u00e4ilitatakse k\u00fclastaja kohta kasutatava arvuti v\u00f5i arvutiv\u00f5rgu internetiaadress (IP-aadress), brauseri ja operatsioonis\u00fcsteemi tarkvara ja k\u00fclastamise aeg (kellaaeg, kuup\u00e4ev, aasta).<\/li>\n\t\t\t<li>IP-aadresse ei seota isikut tuvastava teabega. Kasutusstatistikat kasutatakse noorteinfoportaali teenuse arendamiseks, st Veebileht kasutab k\u00fcpsiseid selleks, et pakkuda kasutajale mugavamat ja s\u00f5bralikumat kasutajakogemust v\u00f5i sisu. K\u00fcpsised v\u00f5ivad kuuluda ka v\u00e4listele teenusepakkujatele, kelle teenuseid kasutame veebilehel (nt Google).<\/li>\n\t\t<\/ol>\n\t<\/li>\n<\/ol>\n<ol style=\"--start-counter: 2; padding: 0; margin: 2em 0;\" start=\"3\">\n \t<li><b>Google Analytics<\/b>\n\t\t<ol>\n\t\t\t<li>Me kasutame Google Analytics'i teenust, et koguda anon\u00fc\u00fcmset teavet veebisaidi k\u00fclastajate kohta, n\u00e4iteks veebilehitseja t\u00fc\u00fcp, seadme andmed ja k\u00fclastajate tegevus veebisaidil.<\/li>\n\t\t<\/ol>\n\t<\/li>\n<\/ol>\n<ol style=\"--start-counter: 3; padding: 0; margin: 2em 0;\" start=\"4\">\n \t<li><b>Isikuandmete s\u00e4ilitamine ja turvalisus<\/b>\n<ol>\n \t<li>Me s\u00e4ilitame kogutud isikuandmeid nii kaua, kui see on vajalik eesm\u00e4rkidel, milleks neid koguti, v\u00f5i seaduslike kohustuste t\u00e4itmiseks.<\/li>\n \t<li>Rakendame asjakohaseid tehnilisi ja organisatsioonilisi meetmeid, et kaitsta teie isikuandmeid volitamata juurdep\u00e4\u00e4su, muutmise v\u00f5i avalikustamise eest.<\/li>\n<\/ol>\n<\/li>\n<\/ol>\n<ol style=\"--start-counter: 4; padding: 0; margin: 2em 0;\" start=\"5\">\n \t<li><b>Kolmandate osapoolte lingid<\/b>\n<ol>\n \t<li>Meie veebisait v\u00f5ib sisaldada linke teistele veebisaitidele, mis ei kuulu meile. Me ei vastuta nende saitide sisu v\u00f5i privaatsuspoliitika eest ning soovitame teil enne nende saitide k\u00fclastamist tutvuda nende andmekaitsetingimustega.<\/li>\n<\/ol>\n<\/li>\n<\/ol>\n<ol style=\"--start-counter: 5; padding: 0; margin: 2em 0;\" start=\"6\">\n \t<li><b>Kellega v\u00f5ime Sinu isikuandmeid jagada?<\/b>\n<ol>\n \t<li>\u00d5iguskaitseorganid, riiklikud asutused, kohalikud omavalitsusasutused. Oma seadustest tulenevate kohustuste t\u00e4itmiseks v\u00f5ime \u00f5iguskaitseorganite, riiklike ja kohalike omavalitsusasutuste n\u00f5udmisel neile edastada Sinu isikuandmed. V\u00f5ime ka edastada Sinu isikuandmed \u00f5iguskaitseorganitele, riigi- ja kohaliku omavalitsuse asutustele \u00f5igusn\u00f5uete koostamiseks, esitamiseks ja kaitsmiseks.<\/li>\n<\/ol>\n<\/li>\n<\/ol>\n<ol style=\"--start-counter: 6; padding: 0; margin: 2em 0;\" start=\"7\">\n \t<li><b>Kus t\u00f6\u00f6tleme Sinu isikuandmeid?<\/b>\n<ol>\n \t<li>T\u00f6\u00f6tleme Sinu isikuandmeid alati Euroopa Liidu ja Euroopa Majanduspiirkonna siseselt. Sinu isikuandmeid ei edastata ega t\u00f6\u00f6delda v\u00e4ljaspool neid piirkondi asuvates riikides.<\/li>\n<\/ol>\n<\/li>\n<\/ol>\n<ol style=\"--start-counter: 7; padding: 0; margin: 2em 0;\" start=\"8\">\n \t<li><b>Sinu \u00f5igused<\/b>\n<ol>\n \t<li>\u00d5igusaktidega antakse Sulle \u00f5igused Sinu isikuandmete t\u00f6\u00f6tlemise osas. Euroopa Liidus reguleerib isikuandmete kaitsega seonduvat EL isikuandmete kaitse \u00fcldm\u00e4\u00e4rus, mis j\u00f5ustus 25.05.2018.a.\n<ol>\n \t<li>Teil on \u00f5igus n\u00f5uda juurdep\u00e4\u00e4su oma isikuandmetele, nende parandamist, kustutamist v\u00f5i t\u00f6\u00f6tlemise piiramist, samuti andmete \u00fclekandmist teisele andmet\u00f6\u00f6tlejale.<\/li>\n \t<li>Kui soovite oma \u00f5igusi kasutada v\u00f5i teil on k\u00fcsimusi meie andmekaitsepraktikate kohta, v\u00f5tke meiega \u00fchendust e-posti teel <a href=\"mailto:teeviit@harno.ee\">teeviit@harno.ee<\/a> ja <a href=\"mailto:andmekaitse@harno.ee\">andmekaitse@harno.ee<\/a><\/li>\n<\/ol>\n<\/li>\n<\/ol>\n<\/li>\n<\/ol>\n<ol style=\"--start-counter: 8; padding: 0; margin: 2em 0;\" start=\"9\">\n \t<li><b>Muudatused andmekaitsetingimustes<\/b>\n<ol>\n \t<li>K\u00e4esolevaid andmekaitsetingimusi v\u00f5idakse aeg-ajalt muuta v\u00f5i ajakohastada. Uuendatud versioonid j\u00f5ustuvad p\u00e4rast nende avaldamist veebisaidil.<\/li>\n<\/ol>\n<\/li>\n<\/ol>","innerContent":["<style>\n@media(max-width: 1159px) {\n.main-language.loading:after {\ndisplay: none !important;\n}\n}\nol {\n  counter-reset: section var(--start-counter);\n}\nol > li {\n  display: block;\n  counter-increment: section;\n}\nol > li:before {\n  content: counter(section) \". \";\n}\nol[start] > li:before {\n  font-weight: bold;\n}\nol > li > ol {\n  counter-reset: subsection;\n}\nol > li > ol > li {\n  display: block;\n  counter-increment: subsection;\n}\nol > li > ol > li:before {\n  content: counter(section) \".\" counter(subsection) \". \";\n}\nol > li > ol > li > ol {\n  counter-reset: subsubsection;\n}\nol > li > ol > li > ol > li {\n  display: block;\n  counter-increment: subsubsection;\n}\nol > li > ol > li > ol > li:before {\n  content: counter(section) \".\" counter(subsection) \".\" counter(subsubsection) \". \";\n}\n<\/style>\n<p>Viimati uuendatud: 14.03.2024<\/p>\n\n<p>V\u00f5tame Sinu privaatsust t\u00f5siselt. Isikuandmed on mis tahes teave, mida saab isiku tuvastamiseks kasutada.<\/p>\n\n<p>Rakendame noorteinfoportaalis Teeviit Youth Wiki asjakohaseid meetmeid, et kindlustada Su isikuandmete kaitse, kui s\u00fcsteemiga oma isikuandmeid jagad. Tagame, et Su isikuandmete t\u00f6\u00f6tlemine on vastavuse kehtiva seadusandluse, suuniste ja korraga. Ka Teeviit Youth Wiki portaali omanikul on m\u00e4\u00e4ratud andmekaitsespetsialist, kelle \u00fclesanne on meetmete rakendamist kontrollida.<\/p>\n\n<p>K\u00e4esolevas teabetekstis kirjeldame, mis isikuandmeid Sinult noorteinfoportaalis Teeviit Youth Wiki kogume, kuidas neid t\u00f6\u00f6tleme ja miks me seda teeme.<\/p>\n<ol style=\"--start-counter: 0; padding: 0; margin: 2em 0;\" start=\"1\">\n \t<li><b>Isikuandmete kogumine ja kasutamine<\/b>\n\t\t<ol>\n\t\t\t<li>Me v\u00f5ime koguda isikuandmeid, mida te otseselt esitate meie veebisaidi vormide kaudu, nagu n\u00e4iteks teie nimi, e-posti aadress ja muud kontaktandmed.<\/li>\n\t\t\t<li>Andmete t\u00f6\u00f6tlemise \u00f5iguslik alus: Teie n\u00f5usolek andmete t\u00f6\u00f6tlemiseks,<\/li>\n\t\t\t<li>Kasutame neid kogutud andmeid selleks, et vastata teie p\u00e4ringutele, saata teile teavet ja uuendusi ning pakkuda teile parimat v\u00f5imalikku kogemust meie veebisaidil.<\/li>\n\t\t<\/ol>\n\t<\/li>\n<\/ol>\n<ol style=\"--start-counter: 1; padding: 0; margin: 2em 0;\" start=\"2\">\n \t<li><b>K\u00fcpsisepoliitika<\/b>\n\t\t<ol>\n\t\t\t<li>Noorteinfoportaal teeviit.ee\/youth-wiki kasutab k\u00fcpsiseid.<\/li>\n\t\t\t<li>Veebilehe k\u00fclastamisel kogutakse ja s\u00e4ilitatakse k\u00fclastaja kohta kasutatava arvuti v\u00f5i arvutiv\u00f5rgu internetiaadress (IP-aadress), brauseri ja operatsioonis\u00fcsteemi tarkvara ja k\u00fclastamise aeg (kellaaeg, kuup\u00e4ev, aasta).<\/li>\n\t\t\t<li>IP-aadresse ei seota isikut tuvastava teabega. Kasutusstatistikat kasutatakse noorteinfoportaali teenuse arendamiseks, st Veebileht kasutab k\u00fcpsiseid selleks, et pakkuda kasutajale mugavamat ja s\u00f5bralikumat kasutajakogemust v\u00f5i sisu. K\u00fcpsised v\u00f5ivad kuuluda ka v\u00e4listele teenusepakkujatele, kelle teenuseid kasutame veebilehel (nt Google).<\/li>\n\t\t<\/ol>\n\t<\/li>\n<\/ol>\n<ol style=\"--start-counter: 2; padding: 0; margin: 2em 0;\" start=\"3\">\n \t<li><b>Google Analytics<\/b>\n\t\t<ol>\n\t\t\t<li>Me kasutame Google Analytics'i teenust, et koguda anon\u00fc\u00fcmset teavet veebisaidi k\u00fclastajate kohta, n\u00e4iteks veebilehitseja t\u00fc\u00fcp, seadme andmed ja k\u00fclastajate tegevus veebisaidil.<\/li>\n\t\t<\/ol>\n\t<\/li>\n<\/ol>\n<ol style=\"--start-counter: 3; padding: 0; margin: 2em 0;\" start=\"4\">\n \t<li><b>Isikuandmete s\u00e4ilitamine ja turvalisus<\/b>\n<ol>\n \t<li>Me s\u00e4ilitame kogutud isikuandmeid nii kaua, kui see on vajalik eesm\u00e4rkidel, milleks neid koguti, v\u00f5i seaduslike kohustuste t\u00e4itmiseks.<\/li>\n \t<li>Rakendame asjakohaseid tehnilisi ja organisatsioonilisi meetmeid, et kaitsta teie isikuandmeid volitamata juurdep\u00e4\u00e4su, muutmise v\u00f5i avalikustamise eest.<\/li>\n<\/ol>\n<\/li>\n<\/ol>\n<ol style=\"--start-counter: 4; padding: 0; margin: 2em 0;\" start=\"5\">\n \t<li><b>Kolmandate osapoolte lingid<\/b>\n<ol>\n \t<li>Meie veebisait v\u00f5ib sisaldada linke teistele veebisaitidele, mis ei kuulu meile. Me ei vastuta nende saitide sisu v\u00f5i privaatsuspoliitika eest ning soovitame teil enne nende saitide k\u00fclastamist tutvuda nende andmekaitsetingimustega.<\/li>\n<\/ol>\n<\/li>\n<\/ol>\n<ol style=\"--start-counter: 5; padding: 0; margin: 2em 0;\" start=\"6\">\n \t<li><b>Kellega v\u00f5ime Sinu isikuandmeid jagada?<\/b>\n<ol>\n \t<li>\u00d5iguskaitseorganid, riiklikud asutused, kohalikud omavalitsusasutused. Oma seadustest tulenevate kohustuste t\u00e4itmiseks v\u00f5ime \u00f5iguskaitseorganite, riiklike ja kohalike omavalitsusasutuste n\u00f5udmisel neile edastada Sinu isikuandmed. V\u00f5ime ka edastada Sinu isikuandmed \u00f5iguskaitseorganitele, riigi- ja kohaliku omavalitsuse asutustele \u00f5igusn\u00f5uete koostamiseks, esitamiseks ja kaitsmiseks.<\/li>\n<\/ol>\n<\/li>\n<\/ol>\n<ol style=\"--start-counter: 6; padding: 0; margin: 2em 0;\" start=\"7\">\n \t<li><b>Kus t\u00f6\u00f6tleme Sinu isikuandmeid?<\/b>\n<ol>\n \t<li>T\u00f6\u00f6tleme Sinu isikuandmeid alati Euroopa Liidu ja Euroopa Majanduspiirkonna siseselt. Sinu isikuandmeid ei edastata ega t\u00f6\u00f6delda v\u00e4ljaspool neid piirkondi asuvates riikides.<\/li>\n<\/ol>\n<\/li>\n<\/ol>\n<ol style=\"--start-counter: 7; padding: 0; margin: 2em 0;\" start=\"8\">\n \t<li><b>Sinu \u00f5igused<\/b>\n<ol>\n \t<li>\u00d5igusaktidega antakse Sulle \u00f5igused Sinu isikuandmete t\u00f6\u00f6tlemise osas. Euroopa Liidus reguleerib isikuandmete kaitsega seonduvat EL isikuandmete kaitse \u00fcldm\u00e4\u00e4rus, mis j\u00f5ustus 25.05.2018.a.\n<ol>\n \t<li>Teil on \u00f5igus n\u00f5uda juurdep\u00e4\u00e4su oma isikuandmetele, nende parandamist, kustutamist v\u00f5i t\u00f6\u00f6tlemise piiramist, samuti andmete \u00fclekandmist teisele andmet\u00f6\u00f6tlejale.<\/li>\n \t<li>Kui soovite oma \u00f5igusi kasutada v\u00f5i teil on k\u00fcsimusi meie andmekaitsepraktikate kohta, v\u00f5tke meiega \u00fchendust e-posti teel <a href=\"mailto:teeviit@harno.ee\">teeviit@harno.ee<\/a> ja <a href=\"mailto:andmekaitse@harno.ee\">andmekaitse@harno.ee<\/a><\/li>\n<\/ol>\n<\/li>\n<\/ol>\n<\/li>\n<\/ol>\n<ol style=\"--start-counter: 8; padding: 0; margin: 2em 0;\" start=\"9\">\n \t<li><b>Muudatused andmekaitsetingimustes<\/b>\n<ol>\n \t<li>K\u00e4esolevaid andmekaitsetingimusi v\u00f5idakse aeg-ajalt muuta v\u00f5i ajakohastada. Uuendatud versioonid j\u00f5ustuvad p\u00e4rast nende avaldamist veebisaidil.<\/li>\n<\/ol>\n<\/li>\n<\/ol>"]}],"_links":{"self":[{"href":"https:\/\/www.teeviit.ee\/youth-wiki\/wp-json\/wp\/v2\/pages\/1757","targetHints":{"allow":["GET"]}}],"collection":[{"href":"https:\/\/www.teeviit.ee\/youth-wiki\/wp-json\/wp\/v2\/pages"}],"about":[{"href":"https:\/\/www.teeviit.ee\/youth-wiki\/wp-json\/wp\/v2\/types\/page"}],"author":[{"embeddable":true,"href":"https:\/\/www.teeviit.ee\/youth-wiki\/wp-json\/wp\/v2\/users\/6"}],"replies":[{"embeddable":true,"href":"https:\/\/www.teeviit.ee\/youth-wiki\/wp-json\/wp\/v2\/comments?post=1757"}],"version-history":[{"count":2,"href":"https:\/\/www.teeviit.ee\/youth-wiki\/wp-json\/wp\/v2\/pages\/1757\/revisions"}],"predecessor-version":[{"id":1768,"href":"https:\/\/www.teeviit.ee\/youth-wiki\/wp-json\/wp\/v2\/pages\/1757\/revisions\/1768"}],"wp:attachment":[{"href":"https:\/\/www.teeviit.ee\/youth-wiki\/wp-json\/wp\/v2\/media?parent=1757"}],"curies":[{"name":"wp","href":"https:\/\/api.w.org\/{rel}","templated":true}]}}