{"id":10895,"date":"2023-01-20T18:21:16","date_gmt":"2023-01-20T18:21:16","guid":{"rendered":"https:\/\/www.teeviit.ee\/kogemuslood-too-ja-karjaar\/"},"modified":"2023-01-24T11:10:56","modified_gmt":"2023-01-24T11:10:56","slug":"kogemuslood-too-ja-karjaar","status":"publish","type":"page","link":"https:\/\/www.teeviit.ee\/ru\/kogemuslood-too-ja-karjaar\/","title":{"rendered":"Kogemuslood: T\u00f6\u00f6 ja karj\u00e4\u00e4r"},"content":{"rendered":"\t\t<div data-elementor-type=\"wp-page\" data-elementor-id=\"10895\" class=\"elementor elementor-10895 elementor-10799\" data-elementor-post-type=\"page\">\n\t\t\t\t\t\t<section class=\"elementor-section elementor-top-section elementor-element elementor-element-9283950 elementor-section-boxed elementor-section-height-default elementor-section-height-default\" data-id=\"9283950\" data-element_type=\"section\" data-e-type=\"section\" id=\"kogemuslood\" data-settings=\"{&quot;background_background&quot;:&quot;classic&quot;}\">\n\t\t\t\t\t\t<div class=\"elementor-container elementor-column-gap-default\">\n\t\t\t\t\t<div class=\"elementor-column elementor-col-100 elementor-top-column elementor-element elementor-element-79ab0a4\" data-id=\"79ab0a4\" data-element_type=\"column\" data-e-type=\"column\">\n\t\t\t<div class=\"elementor-widget-wrap elementor-element-populated\">\n\t\t\t\t\t\t<div class=\"elementor-element elementor-element-cce573b elementor-widget elementor-widget-heading\" data-id=\"cce573b\" data-element_type=\"widget\" data-e-type=\"widget\" data-widget_type=\"heading.default\">\n\t\t\t\t<div class=\"elementor-widget-container\">\n\t\t\t\t\t<h1 class=\"elementor-heading-title elementor-size-default\">Kogemuslood: T\u00f6\u00f6 ja karj\u00e4\u00e4r<\/h1>\t\t\t\t<\/div>\n\t\t\t\t<\/div>\n\t\t\t\t<section class=\"elementor-section elementor-inner-section elementor-element elementor-element-11b5454 elementor-section-boxed elementor-section-height-default elementor-section-height-default\" data-id=\"11b5454\" data-element_type=\"section\" data-e-type=\"section\">\n\t\t\t\t\t\t<div class=\"elementor-container elementor-column-gap-default\">\n\t\t\t\t\t<div class=\"elementor-column elementor-col-100 elementor-inner-column elementor-element elementor-element-7bb398f\" data-id=\"7bb398f\" data-element_type=\"column\" data-e-type=\"column\">\n\t\t\t<div class=\"elementor-widget-wrap elementor-element-populated\">\n\t\t\t\t\t\t<div class=\"elementor-element elementor-element-916dfbc elementor-nav-menu--dropdown-none kogemuslood-menyy elementor-widget elementor-widget-nav-menu\" data-id=\"916dfbc\" data-element_type=\"widget\" data-e-type=\"widget\" data-settings=\"{&quot;layout&quot;:&quot;horizontal&quot;,&quot;submenu_icon&quot;:{&quot;value&quot;:&quot;&lt;i class=\\&quot;fas fa-caret-down\\&quot; aria-hidden=\\&quot;true\\&quot;&gt;&lt;\\\/i&gt;&quot;,&quot;library&quot;:&quot;fa-solid&quot;}}\" data-widget_type=\"nav-menu.default\">\n\t\t\t\t<div class=\"elementor-widget-container\">\n\t\t\t\t\t\t\t\t<nav aria-label=\"\u041c\u0435\u043d\u044e\" class=\"elementor-nav-menu--main elementor-nav-menu__container elementor-nav-menu--layout-horizontal e--pointer-none\">\n\t\t\t\t<ul id=\"menu-1-916dfbc\" class=\"elementor-nav-menu\"><li class=\"menu-item menu-item-type-post_type menu-item-object-page menu-item-10957\"><a href=\"https:\/\/www.teeviit.ee\/ru\/kogemuslood-osalus-ja-voimalused\/\" class=\"elementor-item\">\u041c\u043e\u043b\u043e\u0434\u0451\u0436\u043d\u0430\u044f \u0440\u0430\u0431\u043e\u0442\u0430<\/a><\/li>\n<li class=\"menu-item menu-item-type-post_type menu-item-object-page menu-item-10958\"><a href=\"https:\/\/www.teeviit.ee\/ru\/kogemuslood-keskkond-ja-tarbimine\/\" class=\"elementor-item\">\u041e\u043a\u0440\u0443\u0436\u0430\u044e\u0449\u0430\u044f \u0441\u0440\u0435\u0434\u0430 \u0438 \u043f\u043e\u0442\u0440\u0435\u0431\u043b\u0435\u043d\u0438\u0435<\/a><\/li>\n<li class=\"menu-item menu-item-type-post_type menu-item-object-page menu-item-10959\"><a href=\"https:\/\/www.teeviit.ee\/ru\/kogemuslood-iseseisev-elu\/\" class=\"elementor-item\">\u0421\u0430\u043c\u043e\u0441\u0442\u043e\u044f\u0442\u0435\u043b\u044c\u043d\u0430\u044f \u0436\u0438\u0437\u043d\u044c<\/a><\/li>\n<li class=\"menu-item menu-item-type-post_type menu-item-object-page menu-item-10960\"><a href=\"https:\/\/www.teeviit.ee\/ru\/kogemuslood-tervis-ja-heaolu\/\" class=\"elementor-item\">\u0417\u0434\u043e\u0440\u043e\u0432\u044c\u0435 \u0438 \u0431\u043b\u0430\u0433\u043e\u043f\u043e\u043b\u0443\u0447\u0438\u0435<\/a><\/li>\n<li class=\"menu-item menu-item-type-post_type menu-item-object-page menu-item-10961\"><a href=\"https:\/\/www.teeviit.ee\/ru\/kogemuslood-too-ja-karjaar\/\" class=\"elementor-item\">\u0420\u0430\u0431\u043e\u0442\u0430 \u0438 \u043a\u0430\u0440\u044c\u0435\u0440\u0430<\/a><\/li>\n<li class=\"menu-item menu-item-type-post_type menu-item-object-page menu-item-10962\"><a href=\"https:\/\/www.teeviit.ee\/ru\/kogemuslood-oppimine\/\" class=\"elementor-item\">\u041e\u0431\u0443\u0447\u0435\u043d\u0438\u0435<\/a><\/li>\n<\/ul>\t\t\t<\/nav>\n\t\t\t\t\t\t<nav class=\"elementor-nav-menu--dropdown elementor-nav-menu__container\" aria-hidden=\"true\">\n\t\t\t\t<ul id=\"menu-2-916dfbc\" class=\"elementor-nav-menu\"><li class=\"menu-item menu-item-type-post_type menu-item-object-page menu-item-10957\"><a href=\"https:\/\/www.teeviit.ee\/ru\/kogemuslood-osalus-ja-voimalused\/\" class=\"elementor-item\" tabindex=\"-1\">\u041c\u043e\u043b\u043e\u0434\u0451\u0436\u043d\u0430\u044f \u0440\u0430\u0431\u043e\u0442\u0430<\/a><\/li>\n<li class=\"menu-item menu-item-type-post_type menu-item-object-page menu-item-10958\"><a href=\"https:\/\/www.teeviit.ee\/ru\/kogemuslood-keskkond-ja-tarbimine\/\" class=\"elementor-item\" tabindex=\"-1\">\u041e\u043a\u0440\u0443\u0436\u0430\u044e\u0449\u0430\u044f \u0441\u0440\u0435\u0434\u0430 \u0438 \u043f\u043e\u0442\u0440\u0435\u0431\u043b\u0435\u043d\u0438\u0435<\/a><\/li>\n<li class=\"menu-item menu-item-type-post_type menu-item-object-page menu-item-10959\"><a href=\"https:\/\/www.teeviit.ee\/ru\/kogemuslood-iseseisev-elu\/\" class=\"elementor-item\" tabindex=\"-1\">\u0421\u0430\u043c\u043e\u0441\u0442\u043e\u044f\u0442\u0435\u043b\u044c\u043d\u0430\u044f \u0436\u0438\u0437\u043d\u044c<\/a><\/li>\n<li class=\"menu-item menu-item-type-post_type menu-item-object-page menu-item-10960\"><a href=\"https:\/\/www.teeviit.ee\/ru\/kogemuslood-tervis-ja-heaolu\/\" class=\"elementor-item\" tabindex=\"-1\">\u0417\u0434\u043e\u0440\u043e\u0432\u044c\u0435 \u0438 \u0431\u043b\u0430\u0433\u043e\u043f\u043e\u043b\u0443\u0447\u0438\u0435<\/a><\/li>\n<li class=\"menu-item menu-item-type-post_type menu-item-object-page menu-item-10961\"><a href=\"https:\/\/www.teeviit.ee\/ru\/kogemuslood-too-ja-karjaar\/\" class=\"elementor-item\" tabindex=\"-1\">\u0420\u0430\u0431\u043e\u0442\u0430 \u0438 \u043a\u0430\u0440\u044c\u0435\u0440\u0430<\/a><\/li>\n<li class=\"menu-item menu-item-type-post_type menu-item-object-page menu-item-10962\"><a href=\"https:\/\/www.teeviit.ee\/ru\/kogemuslood-oppimine\/\" class=\"elementor-item\" tabindex=\"-1\">\u041e\u0431\u0443\u0447\u0435\u043d\u0438\u0435<\/a><\/li>\n<\/ul>\t\t\t<\/nav>\n\t\t\t\t\t\t<\/div>\n\t\t\t\t<\/div>\n\t\t\t\t\t<\/div>\n\t\t<\/div>\n\t\t\t\t\t<\/div>\n\t\t<\/section>\n\t\t\t\t\t<\/div>\n\t\t<\/div>\n\t\t\t\t\t<\/div>\n\t\t<\/section>\n\t\t\t\t<\/div>\n\t\t","protected":false},"excerpt":{"rendered":"<p>Kogemuslood: T\u00f6\u00f6 ja karj\u00e4\u00e4r<\/p>\n","protected":false},"author":54,"featured_media":0,"parent":0,"menu_order":0,"comment_status":"closed","ping_status":"closed","template":"","meta":{"_acf_changed":false,"inline_featured_image":false,"footnotes":""},"class_list":["post-10895","page","type-page","status-publish","hentry"],"acf":[],"yoast_head":"<!-- This site is optimized with the Yoast SEO plugin v27.3 - https:\/\/yoast.com\/product\/yoast-seo-wordpress\/ -->\n<title>Kogemuslood: T\u00f6\u00f6 ja karj\u00e4\u00e4r - Teeviit<\/title>\n<meta name=\"robots\" content=\"index, follow, max-snippet:-1, max-image-preview:large, max-video-preview:-1\" \/>\n<link rel=\"canonical\" href=\"https:\/\/www.teeviit.ee\/ru\/kogemuslood-too-ja-karjaar\/\" \/>\n<meta property=\"og:locale\" content=\"ru_RU\" \/>\n<meta property=\"og:type\" content=\"article\" \/>\n<meta property=\"og:title\" content=\"Kogemuslood: T\u00f6\u00f6 ja karj\u00e4\u00e4r - Teeviit\" \/>\n<meta property=\"og:description\" content=\"Kogemuslood: T\u00f6\u00f6 ja karj\u00e4\u00e4r\" \/>\n<meta property=\"og:url\" content=\"https:\/\/www.teeviit.ee\/ru\/kogemuslood-too-ja-karjaar\/\" \/>\n<meta property=\"og:site_name\" content=\"Teeviit\" \/>\n<meta property=\"article:modified_time\" content=\"2023-01-24T11:10:56+00:00\" \/>\n<meta name=\"twitter:card\" content=\"summary_large_image\" \/>\n<script type=\"application\/ld+json\" class=\"yoast-schema-graph\">{\"@context\":\"https:\\\/\\\/schema.org\",\"@graph\":[{\"@type\":\"WebPage\",\"@id\":\"https:\\\/\\\/www.teeviit.ee\\\/ru\\\/kogemuslood-too-ja-karjaar\\\/\",\"url\":\"https:\\\/\\\/www.teeviit.ee\\\/ru\\\/kogemuslood-too-ja-karjaar\\\/\",\"name\":\"Kogemuslood: T\u00f6\u00f6 ja karj\u00e4\u00e4r - Teeviit\",\"isPartOf\":{\"@id\":\"https:\\\/\\\/www.teeviit.ee\\\/ru\\\/#website\"},\"datePublished\":\"2023-01-20T18:21:16+00:00\",\"dateModified\":\"2023-01-24T11:10:56+00:00\",\"breadcrumb\":{\"@id\":\"https:\\\/\\\/www.teeviit.ee\\\/ru\\\/kogemuslood-too-ja-karjaar\\\/#breadcrumb\"},\"inLanguage\":\"ru-RU\",\"potentialAction\":[{\"@type\":\"ReadAction\",\"target\":[\"https:\\\/\\\/www.teeviit.ee\\\/ru\\\/kogemuslood-too-ja-karjaar\\\/\"]}]},{\"@type\":\"BreadcrumbList\",\"@id\":\"https:\\\/\\\/www.teeviit.ee\\\/ru\\\/kogemuslood-too-ja-karjaar\\\/#breadcrumb\",\"itemListElement\":[{\"@type\":\"ListItem\",\"position\":1,\"name\":\"Home\",\"item\":\"https:\\\/\\\/www.teeviit.ee\\\/ru\\\/\"},{\"@type\":\"ListItem\",\"position\":2,\"name\":\"Kogemuslood: T\u00f6\u00f6 ja karj\u00e4\u00e4r\"}]},{\"@type\":\"WebSite\",\"@id\":\"https:\\\/\\\/www.teeviit.ee\\\/ru\\\/#website\",\"url\":\"https:\\\/\\\/www.teeviit.ee\\\/ru\\\/\",\"name\":\"Teeviit\",\"description\":\"Noorteinfo kodu\",\"publisher\":{\"@id\":\"https:\\\/\\\/www.teeviit.ee\\\/ru\\\/#organization\"},\"potentialAction\":[{\"@type\":\"SearchAction\",\"target\":{\"@type\":\"EntryPoint\",\"urlTemplate\":\"https:\\\/\\\/www.teeviit.ee\\\/ru\\\/?s={search_term_string}\"},\"query-input\":{\"@type\":\"PropertyValueSpecification\",\"valueRequired\":true,\"valueName\":\"search_term_string\"}}],\"inLanguage\":\"ru-RU\"},{\"@type\":\"Organization\",\"@id\":\"https:\\\/\\\/www.teeviit.ee\\\/ru\\\/#organization\",\"name\":\"Teeviit\",\"url\":\"https:\\\/\\\/www.teeviit.ee\\\/ru\\\/\",\"logo\":{\"@type\":\"ImageObject\",\"inLanguage\":\"ru-RU\",\"@id\":\"https:\\\/\\\/www.teeviit.ee\\\/ru\\\/#\\\/schema\\\/logo\\\/image\\\/\",\"url\":\"https:\\\/\\\/www.teeviit.ee\\\/wp-content\\\/uploads\\\/2022\\\/12\\\/cropped-Teeviit_logo_2022_varviline.png\",\"contentUrl\":\"https:\\\/\\\/www.teeviit.ee\\\/wp-content\\\/uploads\\\/2022\\\/12\\\/cropped-Teeviit_logo_2022_varviline.png\",\"width\":4168,\"height\":1192,\"caption\":\"Teeviit\"},\"image\":{\"@id\":\"https:\\\/\\\/www.teeviit.ee\\\/ru\\\/#\\\/schema\\\/logo\\\/image\\\/\"}}]}<\/script>\n<!-- \/ Yoast SEO plugin. -->","yoast_head_json":{"title":"Kogemuslood: T\u00f6\u00f6 ja karj\u00e4\u00e4r - Teeviit","robots":{"index":"index","follow":"follow","max-snippet":"max-snippet:-1","max-image-preview":"max-image-preview:large","max-video-preview":"max-video-preview:-1"},"canonical":"https:\/\/www.teeviit.ee\/ru\/kogemuslood-too-ja-karjaar\/","og_locale":"ru_RU","og_type":"article","og_title":"Kogemuslood: T\u00f6\u00f6 ja karj\u00e4\u00e4r - Teeviit","og_description":"Kogemuslood: T\u00f6\u00f6 ja karj\u00e4\u00e4r","og_url":"https:\/\/www.teeviit.ee\/ru\/kogemuslood-too-ja-karjaar\/","og_site_name":"Teeviit","article_modified_time":"2023-01-24T11:10:56+00:00","twitter_card":"summary_large_image","schema":{"@context":"https:\/\/schema.org","@graph":[{"@type":"WebPage","@id":"https:\/\/www.teeviit.ee\/ru\/kogemuslood-too-ja-karjaar\/","url":"https:\/\/www.teeviit.ee\/ru\/kogemuslood-too-ja-karjaar\/","name":"Kogemuslood: T\u00f6\u00f6 ja karj\u00e4\u00e4r - Teeviit","isPartOf":{"@id":"https:\/\/www.teeviit.ee\/ru\/#website"},"datePublished":"2023-01-20T18:21:16+00:00","dateModified":"2023-01-24T11:10:56+00:00","breadcrumb":{"@id":"https:\/\/www.teeviit.ee\/ru\/kogemuslood-too-ja-karjaar\/#breadcrumb"},"inLanguage":"ru-RU","potentialAction":[{"@type":"ReadAction","target":["https:\/\/www.teeviit.ee\/ru\/kogemuslood-too-ja-karjaar\/"]}]},{"@type":"BreadcrumbList","@id":"https:\/\/www.teeviit.ee\/ru\/kogemuslood-too-ja-karjaar\/#breadcrumb","itemListElement":[{"@type":"ListItem","position":1,"name":"Home","item":"https:\/\/www.teeviit.ee\/ru\/"},{"@type":"ListItem","position":2,"name":"Kogemuslood: T\u00f6\u00f6 ja karj\u00e4\u00e4r"}]},{"@type":"WebSite","@id":"https:\/\/www.teeviit.ee\/ru\/#website","url":"https:\/\/www.teeviit.ee\/ru\/","name":"Teeviit","description":"Noorteinfo kodu","publisher":{"@id":"https:\/\/www.teeviit.ee\/ru\/#organization"},"potentialAction":[{"@type":"SearchAction","target":{"@type":"EntryPoint","urlTemplate":"https:\/\/www.teeviit.ee\/ru\/?s={search_term_string}"},"query-input":{"@type":"PropertyValueSpecification","valueRequired":true,"valueName":"search_term_string"}}],"inLanguage":"ru-RU"},{"@type":"Organization","@id":"https:\/\/www.teeviit.ee\/ru\/#organization","name":"Teeviit","url":"https:\/\/www.teeviit.ee\/ru\/","logo":{"@type":"ImageObject","inLanguage":"ru-RU","@id":"https:\/\/www.teeviit.ee\/ru\/#\/schema\/logo\/image\/","url":"https:\/\/www.teeviit.ee\/wp-content\/uploads\/2022\/12\/cropped-Teeviit_logo_2022_varviline.png","contentUrl":"https:\/\/www.teeviit.ee\/wp-content\/uploads\/2022\/12\/cropped-Teeviit_logo_2022_varviline.png","width":4168,"height":1192,"caption":"Teeviit"},"image":{"@id":"https:\/\/www.teeviit.ee\/ru\/#\/schema\/logo\/image\/"}}]}},"_links":{"self":[{"href":"https:\/\/www.teeviit.ee\/ru\/wp-json\/wp\/v2\/pages\/10895","targetHints":{"allow":["GET"]}}],"collection":[{"href":"https:\/\/www.teeviit.ee\/ru\/wp-json\/wp\/v2\/pages"}],"about":[{"href":"https:\/\/www.teeviit.ee\/ru\/wp-json\/wp\/v2\/types\/page"}],"author":[{"embeddable":true,"href":"https:\/\/www.teeviit.ee\/ru\/wp-json\/wp\/v2\/users\/54"}],"replies":[{"embeddable":true,"href":"https:\/\/www.teeviit.ee\/ru\/wp-json\/wp\/v2\/comments?post=10895"}],"version-history":[{"count":5,"href":"https:\/\/www.teeviit.ee\/ru\/wp-json\/wp\/v2\/pages\/10895\/revisions"}],"predecessor-version":[{"id":11718,"href":"https:\/\/www.teeviit.ee\/ru\/wp-json\/wp\/v2\/pages\/10895\/revisions\/11718"}],"wp:attachment":[{"href":"https:\/\/www.teeviit.ee\/ru\/wp-json\/wp\/v2\/media?parent=10895"}],"curies":[{"name":"wp","href":"https:\/\/api.w.org\/{rel}","templated":true}]}}