{"id":896,"date":"2023-01-04T13:59:30","date_gmt":"2023-01-04T13:59:30","guid":{"rendered":"https:\/\/www.teeviit.ee\/noorteinfo\/?page_id=896"},"modified":"2023-01-18T15:03:41","modified_gmt":"2023-01-18T15:03:41","slug":"kasiraamat","status":"publish","type":"page","link":"https:\/\/www.teeviit.ee\/noorteinfo\/kasiraamat\/","title":{"rendered":"K\u00e4siraamat"},"content":{"rendered":"\t\t<div data-elementor-type=\"wp-page\" data-elementor-id=\"896\" class=\"elementor elementor-896\" data-elementor-post-type=\"page\">\n\t\t\t\t\t\t<section class=\"elementor-section elementor-top-section elementor-element elementor-element-483167b elementor-section-boxed elementor-section-height-default elementor-section-height-default\" data-id=\"483167b\" data-element_type=\"section\" data-e-type=\"section\" data-settings=\"{&quot;background_background&quot;:&quot;classic&quot;}\">\n\t\t\t\t\t\t<div class=\"elementor-container elementor-column-gap-default\">\n\t\t\t\t\t<div class=\"elementor-column elementor-col-100 elementor-top-column elementor-element elementor-element-fd53744\" data-id=\"fd53744\" data-element_type=\"column\" data-e-type=\"column\">\n\t\t\t<div class=\"elementor-widget-wrap elementor-element-populated\">\n\t\t\t\t\t\t<div class=\"elementor-element elementor-element-18801bb elementor-widget elementor-widget-heading\" data-id=\"18801bb\" data-element_type=\"widget\" data-e-type=\"widget\" data-widget_type=\"heading.default\">\n\t\t\t\t<div class=\"elementor-widget-container\">\n\t\t\t\t\t<h1 class=\"elementor-heading-title elementor-size-default\">Noorteinfo k\u00e4siraamat<\/h1>\t\t\t\t<\/div>\n\t\t\t\t<\/div>\n\t\t\t\t<section class=\"elementor-section elementor-inner-section elementor-element elementor-element-286e313 elementor-section-boxed elementor-section-height-default elementor-section-height-default\" data-id=\"286e313\" data-element_type=\"section\" data-e-type=\"section\">\n\t\t\t\t\t\t<div class=\"elementor-container elementor-column-gap-default\">\n\t\t\t\t\t<div class=\"elementor-column elementor-col-100 elementor-inner-column elementor-element elementor-element-92e1a87\" data-id=\"92e1a87\" data-element_type=\"column\" data-e-type=\"column\">\n\t\t\t<div class=\"elementor-widget-wrap elementor-element-populated\">\n\t\t\t\t\t\t<div class=\"elementor-element elementor-element-0cef5a2 elementor-widget elementor-widget-text-editor\" data-id=\"0cef5a2\" data-element_type=\"widget\" data-e-type=\"widget\" data-widget_type=\"text-editor.default\">\n\t\t\t\t<div class=\"elementor-widget-container\">\n\t\t\t\t\t\t\t\t\t<p>Noorteinfo k\u00e4siraamat <strong>\u201cP\u00f5hjalik \u00fclevaade noorteinfost, selle arendamisest ja kvaliteedip\u00f5him\u00f5tetest noortega t\u00f6\u00f6tavatele spetsialistidele ning asutuste\u201d<\/strong> on m\u00f5eldud noortega tegelevatele spetsialistidele noorteinfo teemas orienteerumiseks, nende teadmiste korrastamiseks ja t\u00e4iendamiseks ning noorteinfot\u00f6\u00f6ks vajalike oskuste omandamiseks. K\u00e4siraamat on antud v\u00e4lja 2020. aastal ja valminud <strong>Eesti\u00a0 Noorsoot\u00f6\u00f6tajate Kogu ja Eesti Noorsoot\u00f6\u00f6 Keskuse koost\u00f6\u00f6na<\/strong>.<\/p>\t\t\t\t\t\t\t\t<\/div>\n\t\t\t\t<\/div>\n\t\t\t\t<div class=\"elementor-element elementor-element-56b3a46 elementor-align-center elementor-widget elementor-widget-button\" data-id=\"56b3a46\" data-element_type=\"widget\" data-e-type=\"widget\" data-widget_type=\"button.default\">\n\t\t\t\t<div class=\"elementor-widget-container\">\n\t\t\t\t\t\t\t\t\t<div class=\"elementor-button-wrapper\">\n\t\t\t\t\t<a class=\"elementor-button elementor-button-link elementor-size-lg\" href=\"https:\/\/www.teeviit.ee\/noorteinfo\/wp-content\/uploads\/2023\/01\/Noorteinfo_PDF.pdf\">\n\t\t\t\t\t\t<span class=\"elementor-button-content-wrapper\">\n\t\t\t\t\t\t\t\t\t<span class=\"elementor-button-text\">Laadi alla Noorteinfo k\u00e4siraamat 2020<\/span>\n\t\t\t\t\t<\/span>\n\t\t\t\t\t<\/a>\n\t\t\t\t<\/div>\n\t\t\t\t\t\t\t\t<\/div>\n\t\t\t\t<\/div>\n\t\t\t\t\t<\/div>\n\t\t<\/div>\n\t\t\t\t\t<\/div>\n\t\t<\/section>\n\t\t\t\t\t<\/div>\n\t\t<\/div>\n\t\t\t\t\t<\/div>\n\t\t<\/section>\n\t\t\t\t<section class=\"elementor-section elementor-top-section elementor-element elementor-element-662d8c0 elementor-section-boxed elementor-section-height-default elementor-section-height-default\" data-id=\"662d8c0\" data-element_type=\"section\" data-e-type=\"section\" data-settings=\"{&quot;background_background&quot;:&quot;classic&quot;}\">\n\t\t\t\t\t\t<div class=\"elementor-container elementor-column-gap-default\">\n\t\t\t\t\t<div class=\"elementor-column elementor-col-100 elementor-top-column elementor-element elementor-element-de16b13\" data-id=\"de16b13\" data-element_type=\"column\" data-e-type=\"column\">\n\t\t\t<div class=\"elementor-widget-wrap elementor-element-populated\">\n\t\t\t\t\t\t<div class=\"elementor-element elementor-element-66b2e9d elementor-widget elementor-widget-shortcode\" data-id=\"66b2e9d\" data-element_type=\"widget\" data-e-type=\"widget\" data-widget_type=\"shortcode.default\">\n\t\t\t\t<div class=\"elementor-widget-container\">\n\t\t\t\t\t\t\t<div class=\"elementor-shortcode\"><div class=\"_df_book df-lite\" id=\"df_1051\"  _slug=\"noorteinfo-kasitaamat\" data-title=\"noorteinfo-kasitaamat\" wpoptions=\"true\" thumbtype=\"\" ><\/div><script class=\"df-shortcode-script\" nowprocket type=\"application\/javascript\">window.option_df_1051 = {\"webgl\":\"false\",\"outline\":[],\"backgroundColor\":\"#FFF\",\"autoEnableOutline\":\"false\",\"autoEnableThumbnail\":\"false\",\"overwritePDFOutline\":\"false\",\"direction\":\"1\",\"pageSize\":\"0\",\"source\":\"https:\\\/\\\/www.teeviit.ee\\\/noorteinfo\\\/wp-content\\\/uploads\\\/2023\\\/01\\\/Noorteinfo_PDF.pdf\",\"wpOptions\":\"true\"}; if(window.DFLIP && window.DFLIP.parseBooks){window.DFLIP.parseBooks();}<\/script>\n<\/div>\n\t\t\t\t\t\t<\/div>\n\t\t\t\t<\/div>\n\t\t\t\t\t<\/div>\n\t\t<\/div>\n\t\t\t\t\t<\/div>\n\t\t<\/section>\n\t\t\t\t<section class=\"elementor-section elementor-top-section elementor-element elementor-element-36ea7d4 elementor-section-boxed elementor-section-height-default elementor-section-height-default\" data-id=\"36ea7d4\" data-element_type=\"section\" data-e-type=\"section\" data-settings=\"{&quot;background_background&quot;:&quot;classic&quot;}\">\n\t\t\t\t\t\t<div class=\"elementor-container elementor-column-gap-default\">\n\t\t\t\t\t<div class=\"elementor-column elementor-col-100 elementor-top-column elementor-element elementor-element-10c65c2\" data-id=\"10c65c2\" data-element_type=\"column\" data-e-type=\"column\">\n\t\t\t<div class=\"elementor-widget-wrap elementor-element-populated\">\n\t\t\t\t\t\t<section class=\"elementor-section elementor-inner-section elementor-element elementor-element-d5f11ec elementor-section-boxed elementor-section-height-default elementor-section-height-default\" data-id=\"d5f11ec\" data-element_type=\"section\" data-e-type=\"section\">\n\t\t\t\t\t\t<div class=\"elementor-container elementor-column-gap-wide\">\n\t\t\t\t\t<div class=\"elementor-column elementor-col-50 elementor-inner-column elementor-element elementor-element-1620bf8\" data-id=\"1620bf8\" data-element_type=\"column\" data-e-type=\"column\">\n\t\t\t<div class=\"elementor-widget-wrap elementor-element-populated\">\n\t\t\t\t\t\t<div class=\"elementor-element elementor-element-a45afb4 elementor-widget elementor-widget-text-editor\" data-id=\"a45afb4\" data-element_type=\"widget\" data-e-type=\"widget\" data-widget_type=\"text-editor.default\">\n\t\t\t\t<div class=\"elementor-widget-container\">\n\t\t\t\t\t\t\t\t\t<p>K\u00e4siraamat on praktiline t\u00f6\u00f6vahend nii kohalikul kui ka riiklikul tasandil noorteinfoteenuse arendamiseks ning noorteinfo kvaliteedi ja k\u00e4ttesaadavuse parandamiseks. Lisaks saab k\u00e4siraamatut kasutada nii noorsoot\u00f6\u00f6 eriala \u00f5pingutel Eesti \u00fclikoolides kui ka noorsoot\u00f6\u00f6tajate t\u00e4ienduskoolitustel. Noorteinfo k\u00e4siraamat toetab praktikuid ning aitab taseme\u00f5ppes ja t\u00e4ienduskoolituses osalejatel \u00f5pitut paremini igap\u00e4evat\u00f6\u00f6sse l\u00f5imida.<\/p>\t\t\t\t\t\t\t\t<\/div>\n\t\t\t\t<\/div>\n\t\t\t\t\t<\/div>\n\t\t<\/div>\n\t\t\t\t<div class=\"elementor-column elementor-col-50 elementor-inner-column elementor-element elementor-element-4707c03\" data-id=\"4707c03\" data-element_type=\"column\" data-e-type=\"column\">\n\t\t\t<div class=\"elementor-widget-wrap elementor-element-populated\">\n\t\t\t\t\t\t<div class=\"elementor-element elementor-element-765dfe2 elementor-widget elementor-widget-text-editor\" data-id=\"765dfe2\" data-element_type=\"widget\" data-e-type=\"widget\" data-widget_type=\"text-editor.default\">\n\t\t\t\t<div class=\"elementor-widget-container\">\n\t\t\t\t\t\t\t\t\t<p>K\u00e4siraamatu sihtgrupina on silmas peetud noortega tegelevaid spetsialiste, kes puutuvad igap\u00e4evat\u00f6\u00f6s kokku noorte eluga seonduvate k\u00fcsimustega. Nende hulka kuuluvad noorsoot\u00f6\u00f6tajad (sh laagrijuhid -kasvatajad, malevakorraldajad ja r\u00fchmajuhid, huvijuhid, huviringide juhendajad, huvikoolide \u00f5petajad), treenerid, \u00f5petajad, sotsiaalpedagoogid, karj\u00e4\u00e4rin\u00f5ustajad, kohaliku omavalitsuse noorsoot\u00f6\u00f6-, hariduse-, spordi-, kultuurispetsialistid, jt.<\/p>\t\t\t\t\t\t\t\t<\/div>\n\t\t\t\t<\/div>\n\t\t\t\t\t<\/div>\n\t\t<\/div>\n\t\t\t\t\t<\/div>\n\t\t<\/section>\n\t\t\t\t<div class=\"elementor-element elementor-element-0451de4 elementor-widget-divider--view-line elementor-widget elementor-widget-divider\" data-id=\"0451de4\" data-element_type=\"widget\" data-e-type=\"widget\" data-widget_type=\"divider.default\">\n\t\t\t\t<div class=\"elementor-widget-container\">\n\t\t\t\t\t\t\t<div class=\"elementor-divider\">\n\t\t\t<span class=\"elementor-divider-separator\">\n\t\t\t\t\t\t<\/span>\n\t\t<\/div>\n\t\t\t\t\t\t<\/div>\n\t\t\t\t<\/div>\n\t\t\t\t<div class=\"elementor-element elementor-element-5b1d412 elementor-widget elementor-widget-text-editor\" data-id=\"5b1d412\" data-element_type=\"widget\" data-e-type=\"widget\" data-widget_type=\"text-editor.default\">\n\t\t\t\t<div class=\"elementor-widget-container\">\n\t\t\t\t\t\t\t\t\t<p><strong>K\u00e4siraamatu koostamisel l\u00e4htuti noorteinfot ning noorteinfot\u00f6\u00f6d reguleerivatest dokumentidest, juhistest ja materjalidest, sh <\/strong><strong>Euroopa noorteinfo- ja n\u00f5ustamise agentuuri (ERYICA) materjalidest, infoteaduse, \u00f5petamise ja noorsoot\u00f6\u00f6 teoreetilistest <\/strong><strong>l\u00e4htekohtadest ja noorteinfo teemaga seotud uuringutest.<\/strong> K\u00e4siraamat toetab Euroopa noorteinfo harta p\u00f5him\u00f5tete rakendumist ning noorsoot\u00f6\u00f6taja kutsestandardis n\u00f5utud noorteinfot\u00f6\u00f6 p\u00e4devuste arengut, mis aitavad toetada noorte iseseisvust, suurendades noorte teadlikkust erinevatest v\u00f5imalustest oma elu paremaks korraldamiseks ning m\u00f5testatud osaluseks \u00fchiskonnas.<br \/><br \/>Lugejaid ergutatakse loetut kinnistama k\u00fcsimustega iga k\u00e4siraamatu peat\u00fcki l\u00f5pus, et loetu saaks selgemaks ja omandaks rakendatava t\u00e4henduse. Materjali kogumisel on konsulteeritud noorteinfo asjatundjate ning noortevaldkonna asutuste,\u00a0 \u00fchingute ja organisatsioonidega, kes puutuvad igap\u00e4evaselt kokku noorte teavitamisega ja noorteinfo vahendamisega. K\u00e4siraamatu koostajad soovivad t\u00e4nada k\u00f5iki noorsoot\u00f6\u00f6tajaid, kes jagasid\u00a0 v\u00e4ljaande valmimisel oma praktilisi noorteinfot\u00f6\u00f6 kogemusi ja arvamusi noorteinfost ning tegid ettepanekuid k\u00e4siraamatu sisu kohta.<br \/><br \/>K\u00e4siraamatu autorid on Ilona Evelyn Rannala (1.\u20132. ptk), Hannes Sildnik (5. ptk), Kaie Pranno (4. ja 6. ptk), Tanja Dibou (1.\u20134. ja 6.\u20137. ptk), Tessi Ilustrumm-Press (3. ja 6. ptk) ja Kristi J\u00fcristo (6. ptk).<\/p>\t\t\t\t\t\t\t\t<\/div>\n\t\t\t\t<\/div>\n\t\t\t\t\t<\/div>\n\t\t<\/div>\n\t\t\t\t\t<\/div>\n\t\t<\/section>\n\t\t\t\t<\/div>\n\t\t","protected":false},"excerpt":{"rendered":"<p>Noorteinfo k\u00e4siraamat Noorteinfo k\u00e4siraamat \u201cP\u00f5hjalik \u00fclevaade noorteinfost, selle arendamisest ja kvaliteedip\u00f5him\u00f5tetest noortega t\u00f6\u00f6tavatele spetsialistidele ning asutuste\u201d on m\u00f5eldud noortega tegelevatele spetsialistidele noorteinfo teemas orienteerumiseks, nende teadmiste korrastamiseks ja t\u00e4iendamiseks ning [&hellip;]<\/p>\n","protected":false},"author":12,"featured_media":0,"parent":0,"menu_order":0,"comment_status":"closed","ping_status":"closed","template":"","meta":{"inline_featured_image":false,"footnotes":""},"class_list":["post-896","page","type-page","status-publish","hentry"],"yoast_head":"<!-- This site is optimized with the Yoast SEO plugin v27.5 - https:\/\/yoast.com\/product\/yoast-seo-wordpress\/ -->\n<title>K\u00e4siraamat - Teeviit<\/title>\n<meta name=\"robots\" content=\"index, follow, max-snippet:-1, max-image-preview:large, max-video-preview:-1\" \/>\n<link rel=\"canonical\" href=\"https:\/\/www.teeviit.ee\/noorteinfo\/kasiraamat\/\" \/>\n<meta property=\"og:locale\" content=\"et_EE\" \/>\n<meta property=\"og:type\" content=\"article\" \/>\n<meta property=\"og:title\" content=\"K\u00e4siraamat - Teeviit\" \/>\n<meta property=\"og:description\" content=\"Noorteinfo k\u00e4siraamat Noorteinfo k\u00e4siraamat \u201cP\u00f5hjalik \u00fclevaade noorteinfost, selle arendamisest ja kvaliteedip\u00f5him\u00f5tetest noortega t\u00f6\u00f6tavatele spetsialistidele ning asutuste\u201d on m\u00f5eldud noortega tegelevatele spetsialistidele noorteinfo teemas orienteerumiseks, nende teadmiste korrastamiseks ja t\u00e4iendamiseks ning [&hellip;]\" \/>\n<meta property=\"og:url\" content=\"https:\/\/www.teeviit.ee\/noorteinfo\/kasiraamat\/\" \/>\n<meta property=\"og:site_name\" content=\"Teeviit\" \/>\n<meta property=\"article:modified_time\" content=\"2023-01-18T15:03:41+00:00\" \/>\n<meta name=\"twitter:card\" content=\"summary_large_image\" \/>\n<meta name=\"twitter:label1\" content=\"Est. reading time\" \/>\n\t<meta name=\"twitter:data1\" content=\"2 minutit\" \/>\n<script type=\"application\/ld+json\" class=\"yoast-schema-graph\">{\"@context\":\"https:\\\/\\\/schema.org\",\"@graph\":[{\"@type\":\"WebPage\",\"@id\":\"https:\\\/\\\/www.teeviit.ee\\\/noorteinfo\\\/kasiraamat\\\/\",\"url\":\"https:\\\/\\\/www.teeviit.ee\\\/noorteinfo\\\/kasiraamat\\\/\",\"name\":\"K\u00e4siraamat - Teeviit\",\"isPartOf\":{\"@id\":\"https:\\\/\\\/www.teeviit.ee\\\/noorteinfo\\\/#website\"},\"datePublished\":\"2023-01-04T13:59:30+00:00\",\"dateModified\":\"2023-01-18T15:03:41+00:00\",\"breadcrumb\":{\"@id\":\"https:\\\/\\\/www.teeviit.ee\\\/noorteinfo\\\/kasiraamat\\\/#breadcrumb\"},\"inLanguage\":\"et\",\"potentialAction\":[{\"@type\":\"ReadAction\",\"target\":[\"https:\\\/\\\/www.teeviit.ee\\\/noorteinfo\\\/kasiraamat\\\/\"]}]},{\"@type\":\"BreadcrumbList\",\"@id\":\"https:\\\/\\\/www.teeviit.ee\\\/noorteinfo\\\/kasiraamat\\\/#breadcrumb\",\"itemListElement\":[{\"@type\":\"ListItem\",\"position\":1,\"name\":\"Home\",\"item\":\"https:\\\/\\\/www.teeviit.ee\\\/noorteinfo\\\/\"},{\"@type\":\"ListItem\",\"position\":2,\"name\":\"K\u00e4siraamat\"}]},{\"@type\":\"WebSite\",\"@id\":\"https:\\\/\\\/www.teeviit.ee\\\/noorteinfo\\\/#website\",\"url\":\"https:\\\/\\\/www.teeviit.ee\\\/noorteinfo\\\/\",\"name\":\"Teeviit - Noorteinfo\",\"description\":\"Noorteinfo\",\"publisher\":{\"@id\":\"https:\\\/\\\/www.teeviit.ee\\\/noorteinfo\\\/#organization\"},\"potentialAction\":[{\"@type\":\"SearchAction\",\"target\":{\"@type\":\"EntryPoint\",\"urlTemplate\":\"https:\\\/\\\/www.teeviit.ee\\\/noorteinfo\\\/?s={search_term_string}\"},\"query-input\":{\"@type\":\"PropertyValueSpecification\",\"valueRequired\":true,\"valueName\":\"search_term_string\"}}],\"inLanguage\":\"et\"},{\"@type\":\"Organization\",\"@id\":\"https:\\\/\\\/www.teeviit.ee\\\/noorteinfo\\\/#organization\",\"name\":\"Teeviit - Noorteinfo\",\"url\":\"https:\\\/\\\/www.teeviit.ee\\\/noorteinfo\\\/\",\"logo\":{\"@type\":\"ImageObject\",\"inLanguage\":\"et\",\"@id\":\"https:\\\/\\\/www.teeviit.ee\\\/noorteinfo\\\/#\\\/schema\\\/logo\\\/image\\\/\",\"url\":\"https:\\\/\\\/www.teeviit.ee\\\/noorteinfo\\\/wp-content\\\/\\\/uploads\\\/2022\\\/11\\\/Noorteinfo_logo_2026-Har_No-tag-no-padding.svg\",\"contentUrl\":\"https:\\\/\\\/www.teeviit.ee\\\/noorteinfo\\\/wp-content\\\/\\\/uploads\\\/2022\\\/11\\\/Noorteinfo_logo_2026-Har_No-tag-no-padding.svg\",\"width\":1063,\"height\":250,\"caption\":\"Teeviit - Noorteinfo\"},\"image\":{\"@id\":\"https:\\\/\\\/www.teeviit.ee\\\/noorteinfo\\\/#\\\/schema\\\/logo\\\/image\\\/\"}}]}<\/script>\n<!-- \/ Yoast SEO plugin. -->","yoast_head_json":{"title":"K\u00e4siraamat - Teeviit","robots":{"index":"index","follow":"follow","max-snippet":"max-snippet:-1","max-image-preview":"max-image-preview:large","max-video-preview":"max-video-preview:-1"},"canonical":"https:\/\/www.teeviit.ee\/noorteinfo\/kasiraamat\/","og_locale":"et_EE","og_type":"article","og_title":"K\u00e4siraamat - Teeviit","og_description":"Noorteinfo k\u00e4siraamat Noorteinfo k\u00e4siraamat \u201cP\u00f5hjalik \u00fclevaade noorteinfost, selle arendamisest ja kvaliteedip\u00f5him\u00f5tetest noortega t\u00f6\u00f6tavatele spetsialistidele ning asutuste\u201d on m\u00f5eldud noortega tegelevatele spetsialistidele noorteinfo teemas orienteerumiseks, nende teadmiste korrastamiseks ja t\u00e4iendamiseks ning [&hellip;]","og_url":"https:\/\/www.teeviit.ee\/noorteinfo\/kasiraamat\/","og_site_name":"Teeviit","article_modified_time":"2023-01-18T15:03:41+00:00","twitter_card":"summary_large_image","twitter_misc":{"Est. reading time":"2 minutit"},"schema":{"@context":"https:\/\/schema.org","@graph":[{"@type":"WebPage","@id":"https:\/\/www.teeviit.ee\/noorteinfo\/kasiraamat\/","url":"https:\/\/www.teeviit.ee\/noorteinfo\/kasiraamat\/","name":"K\u00e4siraamat - Teeviit","isPartOf":{"@id":"https:\/\/www.teeviit.ee\/noorteinfo\/#website"},"datePublished":"2023-01-04T13:59:30+00:00","dateModified":"2023-01-18T15:03:41+00:00","breadcrumb":{"@id":"https:\/\/www.teeviit.ee\/noorteinfo\/kasiraamat\/#breadcrumb"},"inLanguage":"et","potentialAction":[{"@type":"ReadAction","target":["https:\/\/www.teeviit.ee\/noorteinfo\/kasiraamat\/"]}]},{"@type":"BreadcrumbList","@id":"https:\/\/www.teeviit.ee\/noorteinfo\/kasiraamat\/#breadcrumb","itemListElement":[{"@type":"ListItem","position":1,"name":"Home","item":"https:\/\/www.teeviit.ee\/noorteinfo\/"},{"@type":"ListItem","position":2,"name":"K\u00e4siraamat"}]},{"@type":"WebSite","@id":"https:\/\/www.teeviit.ee\/noorteinfo\/#website","url":"https:\/\/www.teeviit.ee\/noorteinfo\/","name":"Teeviit - Noorteinfo","description":"Noorteinfo","publisher":{"@id":"https:\/\/www.teeviit.ee\/noorteinfo\/#organization"},"potentialAction":[{"@type":"SearchAction","target":{"@type":"EntryPoint","urlTemplate":"https:\/\/www.teeviit.ee\/noorteinfo\/?s={search_term_string}"},"query-input":{"@type":"PropertyValueSpecification","valueRequired":true,"valueName":"search_term_string"}}],"inLanguage":"et"},{"@type":"Organization","@id":"https:\/\/www.teeviit.ee\/noorteinfo\/#organization","name":"Teeviit - Noorteinfo","url":"https:\/\/www.teeviit.ee\/noorteinfo\/","logo":{"@type":"ImageObject","inLanguage":"et","@id":"https:\/\/www.teeviit.ee\/noorteinfo\/#\/schema\/logo\/image\/","url":"https:\/\/www.teeviit.ee\/noorteinfo\/wp-content\/\/uploads\/2022\/11\/Noorteinfo_logo_2026-Har_No-tag-no-padding.svg","contentUrl":"https:\/\/www.teeviit.ee\/noorteinfo\/wp-content\/\/uploads\/2022\/11\/Noorteinfo_logo_2026-Har_No-tag-no-padding.svg","width":1063,"height":250,"caption":"Teeviit - Noorteinfo"},"image":{"@id":"https:\/\/www.teeviit.ee\/noorteinfo\/#\/schema\/logo\/image\/"}}]}},"_links":{"self":[{"href":"https:\/\/www.teeviit.ee\/noorteinfo\/wp-json\/wp\/v2\/pages\/896","targetHints":{"allow":["GET"]}}],"collection":[{"href":"https:\/\/www.teeviit.ee\/noorteinfo\/wp-json\/wp\/v2\/pages"}],"about":[{"href":"https:\/\/www.teeviit.ee\/noorteinfo\/wp-json\/wp\/v2\/types\/page"}],"author":[{"embeddable":true,"href":"https:\/\/www.teeviit.ee\/noorteinfo\/wp-json\/wp\/v2\/users\/12"}],"replies":[{"embeddable":true,"href":"https:\/\/www.teeviit.ee\/noorteinfo\/wp-json\/wp\/v2\/comments?post=896"}],"version-history":[{"count":25,"href":"https:\/\/www.teeviit.ee\/noorteinfo\/wp-json\/wp\/v2\/pages\/896\/revisions"}],"predecessor-version":[{"id":1438,"href":"https:\/\/www.teeviit.ee\/noorteinfo\/wp-json\/wp\/v2\/pages\/896\/revisions\/1438"}],"wp:attachment":[{"href":"https:\/\/www.teeviit.ee\/noorteinfo\/wp-json\/wp\/v2\/media?parent=896"}],"curies":[{"name":"wp","href":"https:\/\/api.w.org\/{rel}","templated":true}]}}