{"id":220,"date":"2023-01-06T15:20:41","date_gmt":"2023-01-06T15:20:41","guid":{"rendered":"https:\/\/www.teeviit.ee\/juunior\/?page_id=220"},"modified":"2023-01-22T15:09:42","modified_gmt":"2023-01-22T15:09:42","slug":"juhendajale","status":"publish","type":"page","link":"https:\/\/www.teeviit.ee\/juunior\/juhendajale\/","title":{"rendered":"Juhendajale"},"content":{"rendered":"\t\t<div data-elementor-type=\"wp-page\" data-elementor-id=\"220\" class=\"elementor elementor-220\" data-elementor-post-type=\"page\">\n\t\t\t\t\t\t<section class=\"elementor-section elementor-top-section elementor-element elementor-element-7813a3f elementor-section-boxed elementor-section-height-default elementor-section-height-default\" data-id=\"7813a3f\" data-element_type=\"section\" data-e-type=\"section\" data-settings=\"{&quot;background_background&quot;:&quot;classic&quot;}\">\n\t\t\t\t\t\t<div class=\"elementor-container elementor-column-gap-default\">\n\t\t\t\t\t<div class=\"elementor-column elementor-col-100 elementor-top-column elementor-element elementor-element-4f16f86\" data-id=\"4f16f86\" data-element_type=\"column\" data-e-type=\"column\">\n\t\t\t<div class=\"elementor-widget-wrap elementor-element-populated\">\n\t\t\t\t\t\t<div class=\"elementor-element elementor-element-1e1153a elementor-widget elementor-widget-text-editor\" data-id=\"1e1153a\" data-element_type=\"widget\" data-e-type=\"widget\" data-widget_type=\"text-editor.default\">\n\t\t\t\t<div class=\"elementor-widget-container\">\n\t\t\t\t\t\t\t\t\t<p style=\"text-align: center;\"><a href=\"https:\/\/www.liikluskasvatus.ee\/et\" target=\"_blank\" rel=\"noopener\" data-wplink-edit=\"true\"><strong>Liikluskasvatus.ee<\/strong><\/a> &#8211; siit leiad, s\u00f5ltumata vanusest ja peamistest liikumisviisidest, huvitavat, mitmekesist ning olulist infot liiklusohutuse teemadel. Siin on m\u00e4nge, videoklippe ning muid infomaterjale.<\/p>\t\t\t\t\t\t\t\t<\/div>\n\t\t\t\t<\/div>\n\t\t\t\t<div class=\"elementor-element elementor-element-18c13e0 elementor-align-center elementor-widget elementor-widget-button\" data-id=\"18c13e0\" data-element_type=\"widget\" data-e-type=\"widget\" data-widget_type=\"button.default\">\n\t\t\t\t<div class=\"elementor-widget-container\">\n\t\t\t\t\t\t\t\t\t<div class=\"elementor-button-wrapper\">\n\t\t\t\t\t<a class=\"elementor-button elementor-button-link elementor-size-sm\" href=\"https:\/\/www.liikluskasvatus.ee\/et\">\n\t\t\t\t\t\t<span class=\"elementor-button-content-wrapper\">\n\t\t\t\t\t\t\t\t\t<span class=\"elementor-button-text\">VAATA<\/span>\n\t\t\t\t\t<\/span>\n\t\t\t\t\t<\/a>\n\t\t\t\t<\/div>\n\t\t\t\t\t\t\t\t<\/div>\n\t\t\t\t<\/div>\n\t\t\t\t<div class=\"elementor-element elementor-element-6e7548a elementor-widget-divider--view-line elementor-widget elementor-widget-divider\" data-id=\"6e7548a\" data-element_type=\"widget\" data-e-type=\"widget\" data-widget_type=\"divider.default\">\n\t\t\t\t<div class=\"elementor-widget-container\">\n\t\t\t\t\t\t\t<div class=\"elementor-divider\">\n\t\t\t<span class=\"elementor-divider-separator\">\n\t\t\t\t\t\t<\/span>\n\t\t<\/div>\n\t\t\t\t\t\t<\/div>\n\t\t\t\t<\/div>\n\t\t\t\t<div class=\"elementor-element elementor-element-317c722 elementor-widget elementor-widget-text-editor\" data-id=\"317c722\" data-element_type=\"widget\" data-e-type=\"widget\" data-widget_type=\"text-editor.default\">\n\t\t\t\t<div class=\"elementor-widget-container\">\n\t\t\t\t\t\t\t\t\t<p style=\"text-align: center;\">Haridustehnoloogide poolt kogutud <strong><a href=\"https:\/\/padlet.com\/dianaveskimgi\/targaltnetis\" target=\"_blank\" rel=\"noopener\" data-wplink-edit=\"true\">materjalid interneti ohutuse teemal<\/a><\/strong>. Sobivad kasutamiseks tundides, t\u00f6\u00f6tubades jne.<\/p>\t\t\t\t\t\t\t\t<\/div>\n\t\t\t\t<\/div>\n\t\t\t\t<div class=\"elementor-element elementor-element-aad9dd1 elementor-align-center elementor-widget elementor-widget-button\" data-id=\"aad9dd1\" data-element_type=\"widget\" data-e-type=\"widget\" data-widget_type=\"button.default\">\n\t\t\t\t<div class=\"elementor-widget-container\">\n\t\t\t\t\t\t\t\t\t<div class=\"elementor-button-wrapper\">\n\t\t\t\t\t<a class=\"elementor-button elementor-button-link elementor-size-sm\" href=\"https:\/\/padlet.com\/dianaveskimgi\/targaltnetis\">\n\t\t\t\t\t\t<span class=\"elementor-button-content-wrapper\">\n\t\t\t\t\t\t\t\t\t<span class=\"elementor-button-text\">VAATA<\/span>\n\t\t\t\t\t<\/span>\n\t\t\t\t\t<\/a>\n\t\t\t\t<\/div>\n\t\t\t\t\t\t\t\t<\/div>\n\t\t\t\t<\/div>\n\t\t\t\t<div class=\"elementor-element elementor-element-a49a193 elementor-widget-divider--view-line elementor-widget elementor-widget-divider\" data-id=\"a49a193\" data-element_type=\"widget\" data-e-type=\"widget\" data-widget_type=\"divider.default\">\n\t\t\t\t<div class=\"elementor-widget-container\">\n\t\t\t\t\t\t\t<div class=\"elementor-divider\">\n\t\t\t<span class=\"elementor-divider-separator\">\n\t\t\t\t\t\t<\/span>\n\t\t<\/div>\n\t\t\t\t\t\t<\/div>\n\t\t\t\t<\/div>\n\t\t\t\t<div class=\"elementor-element elementor-element-c95ff6a elementor-widget elementor-widget-text-editor\" data-id=\"c95ff6a\" data-element_type=\"widget\" data-e-type=\"widget\" data-widget_type=\"text-editor.default\">\n\t\t\t\t<div class=\"elementor-widget-container\">\n\t\t\t\t\t\t\t\t\t<p style=\"text-align: center;\"><a style=\"font-size: 1rem;\" href=\"https:\/\/kiusamisestvabaks.ee\/soberkarurakendus\/\" target=\"_blank\" rel=\"noopener\"><strong>S\u00f5ber Karu \u00e4pp<\/strong><\/a><span style=\"color: var( --e-global-color-ff3073e ); font-size: 1rem;\"> on Lastekaitse Liidu ja Wise Estonia O\u00dc koost\u00f6\u00f6s valminud t\u00f6\u00f6riist lapsevanemale, mis suunab lapsega veedetud aega paremini planeerima ja t\u00e4isv\u00e4\u00e4rtuslikult kasutama.<\/span><\/p>\t\t\t\t\t\t\t\t<\/div>\n\t\t\t\t<\/div>\n\t\t\t\t<div class=\"elementor-element elementor-element-260515d elementor-align-center elementor-widget elementor-widget-button\" data-id=\"260515d\" data-element_type=\"widget\" data-e-type=\"widget\" data-widget_type=\"button.default\">\n\t\t\t\t<div class=\"elementor-widget-container\">\n\t\t\t\t\t\t\t\t\t<div class=\"elementor-button-wrapper\">\n\t\t\t\t\t<a class=\"elementor-button elementor-button-link elementor-size-sm\" href=\"https:\/\/kiusamisestvabaks.ee\/soberkarurakendus\/\">\n\t\t\t\t\t\t<span class=\"elementor-button-content-wrapper\">\n\t\t\t\t\t\t\t\t\t<span class=\"elementor-button-text\">VAATA<\/span>\n\t\t\t\t\t<\/span>\n\t\t\t\t\t<\/a>\n\t\t\t\t<\/div>\n\t\t\t\t\t\t\t\t<\/div>\n\t\t\t\t<\/div>\n\t\t\t\t<div class=\"elementor-element elementor-element-4e0eba5 elementor-widget-divider--view-line elementor-widget elementor-widget-divider\" data-id=\"4e0eba5\" data-element_type=\"widget\" data-e-type=\"widget\" data-widget_type=\"divider.default\">\n\t\t\t\t<div class=\"elementor-widget-container\">\n\t\t\t\t\t\t\t<div class=\"elementor-divider\">\n\t\t\t<span class=\"elementor-divider-separator\">\n\t\t\t\t\t\t<\/span>\n\t\t<\/div>\n\t\t\t\t\t\t<\/div>\n\t\t\t\t<\/div>\n\t\t\t\t<div class=\"elementor-element elementor-element-544e73d elementor-widget elementor-widget-text-editor\" data-id=\"544e73d\" data-element_type=\"widget\" data-e-type=\"widget\" data-widget_type=\"text-editor.default\">\n\t\t\t\t<div class=\"elementor-widget-container\">\n\t\t\t\t\t\t\t\t\t<p style=\"text-align: center;\"><a style=\"font-size: 1rem;\" href=\"https:\/\/www.sotsiaalkindlustusamet.ee\/et\/lapsed-pered\/lastekaitse\/lastemaja\" target=\"_blank\" rel=\"noopener\" data-wplink-edit=\"true\"><strong>Lastemaja<\/strong><\/a><span style=\"color: var( --e-global-color-ff3073e ); font-size: 1rem;\"> on lapses\u00f5bralik erialade vaheline teenus, mida pakume seksuaalselt v\u00e4\u00e4rkoheldud v\u00f5i selle kahtlusega laste abistamiseks.<\/span><\/p>\t\t\t\t\t\t\t\t<\/div>\n\t\t\t\t<\/div>\n\t\t\t\t<div class=\"elementor-element elementor-element-40bdca4 elementor-align-center elementor-widget elementor-widget-button\" data-id=\"40bdca4\" data-element_type=\"widget\" data-e-type=\"widget\" data-widget_type=\"button.default\">\n\t\t\t\t<div class=\"elementor-widget-container\">\n\t\t\t\t\t\t\t\t\t<div class=\"elementor-button-wrapper\">\n\t\t\t\t\t<a class=\"elementor-button elementor-button-link elementor-size-sm\" href=\"https:\/\/www.sotsiaalkindlustusamet.ee\/et\/lapsed-pered\/lastekaitse\/lastemaja\">\n\t\t\t\t\t\t<span class=\"elementor-button-content-wrapper\">\n\t\t\t\t\t\t\t\t\t<span class=\"elementor-button-text\">VAATA<\/span>\n\t\t\t\t\t<\/span>\n\t\t\t\t\t<\/a>\n\t\t\t\t<\/div>\n\t\t\t\t\t\t\t\t<\/div>\n\t\t\t\t<\/div>\n\t\t\t\t<div class=\"elementor-element elementor-element-ffb09a9 elementor-widget-divider--view-line elementor-widget elementor-widget-divider\" data-id=\"ffb09a9\" data-element_type=\"widget\" data-e-type=\"widget\" data-widget_type=\"divider.default\">\n\t\t\t\t<div class=\"elementor-widget-container\">\n\t\t\t\t\t\t\t<div class=\"elementor-divider\">\n\t\t\t<span class=\"elementor-divider-separator\">\n\t\t\t\t\t\t<\/span>\n\t\t<\/div>\n\t\t\t\t\t\t<\/div>\n\t\t\t\t<\/div>\n\t\t\t\t<div class=\"elementor-element elementor-element-a070002 elementor-widget elementor-widget-text-editor\" data-id=\"a070002\" data-element_type=\"widget\" data-e-type=\"widget\" data-widget_type=\"text-editor.default\">\n\t\t\t\t<div class=\"elementor-widget-container\">\n\t\t\t\t\t\t\t\t\t<p style=\"text-align: center;\">P\u00f5nevad m\u00e4ngud, nipid ja testid internetiohutuse kohta leiad\u00a0<a href=\"https:\/\/laps.targaltinternetis.ee\/\" target=\"_blank\" rel=\"noopener\" data-wplink-edit=\"true\"><strong>targalt internetis<\/strong><\/a>\u00a0veebilehelt.<\/p>\t\t\t\t\t\t\t\t<\/div>\n\t\t\t\t<\/div>\n\t\t\t\t<div class=\"elementor-element elementor-element-0acfbd6 elementor-align-center elementor-widget elementor-widget-button\" data-id=\"0acfbd6\" data-element_type=\"widget\" data-e-type=\"widget\" data-widget_type=\"button.default\">\n\t\t\t\t<div class=\"elementor-widget-container\">\n\t\t\t\t\t\t\t\t\t<div class=\"elementor-button-wrapper\">\n\t\t\t\t\t<a class=\"elementor-button elementor-button-link elementor-size-sm\" href=\"https:\/\/laps.targaltinternetis.ee\/\">\n\t\t\t\t\t\t<span class=\"elementor-button-content-wrapper\">\n\t\t\t\t\t\t\t\t\t<span class=\"elementor-button-text\">VAATA<\/span>\n\t\t\t\t\t<\/span>\n\t\t\t\t\t<\/a>\n\t\t\t\t<\/div>\n\t\t\t\t\t\t\t\t<\/div>\n\t\t\t\t<\/div>\n\t\t\t\t<div class=\"elementor-element elementor-element-77aed9f elementor-widget-divider--view-line elementor-widget elementor-widget-divider\" data-id=\"77aed9f\" data-element_type=\"widget\" data-e-type=\"widget\" data-widget_type=\"divider.default\">\n\t\t\t\t<div class=\"elementor-widget-container\">\n\t\t\t\t\t\t\t<div class=\"elementor-divider\">\n\t\t\t<span class=\"elementor-divider-separator\">\n\t\t\t\t\t\t<\/span>\n\t\t<\/div>\n\t\t\t\t\t\t<\/div>\n\t\t\t\t<\/div>\n\t\t\t\t<div class=\"elementor-element elementor-element-cd706e4 elementor-widget elementor-widget-text-editor\" data-id=\"cd706e4\" data-element_type=\"widget\" data-e-type=\"widget\" data-widget_type=\"text-editor.default\">\n\t\t\t\t<div class=\"elementor-widget-container\">\n\t\t\t\t\t\t\t\t\t<p style=\"text-align: center;\"><span style=\"color: var( --e-global-color-ff3073e ); font-size: 1rem;\">\u00d5ppematerjalid lasteaedadele, \u00fcldharidus- ja kutsekoolidele. Samuti on \u00f5ppematerjale huvihariduse ja noorsoot\u00f6\u00f6 mitmekesistamiseks \u2013 <\/span><a style=\"font-size: 1rem;\" href=\"https:\/\/e-koolikott.ee\/et\" target=\"_blank\" rel=\"noopener\" data-wplink-edit=\"true\"><strong>E-koolikott<\/strong><\/a><span style=\"color: var( --e-global-color-ff3073e ); font-size: 1rem;\">.<\/span><\/p>\t\t\t\t\t\t\t\t<\/div>\n\t\t\t\t<\/div>\n\t\t\t\t<div class=\"elementor-element elementor-element-64bf2ec elementor-align-center elementor-widget elementor-widget-button\" data-id=\"64bf2ec\" data-element_type=\"widget\" data-e-type=\"widget\" data-widget_type=\"button.default\">\n\t\t\t\t<div class=\"elementor-widget-container\">\n\t\t\t\t\t\t\t\t\t<div class=\"elementor-button-wrapper\">\n\t\t\t\t\t<a class=\"elementor-button elementor-button-link elementor-size-sm\" href=\"https:\/\/e-koolikott.ee\/et\">\n\t\t\t\t\t\t<span class=\"elementor-button-content-wrapper\">\n\t\t\t\t\t\t\t\t\t<span class=\"elementor-button-text\">VAATA<\/span>\n\t\t\t\t\t<\/span>\n\t\t\t\t\t<\/a>\n\t\t\t\t<\/div>\n\t\t\t\t\t\t\t\t<\/div>\n\t\t\t\t<\/div>\n\t\t\t\t\t<\/div>\n\t\t<\/div>\n\t\t\t\t\t<\/div>\n\t\t<\/section>\n\t\t\t\t<\/div>\n\t\t","protected":false},"excerpt":{"rendered":"<p>Liikluskasvatus.ee &#8211; siit leiad, s\u00f5ltumata vanusest ja peamistest liikumisviisidest, huvitavat, mitmekesist ning olulist infot liiklusohutuse teemadel. Siin on m\u00e4nge, videoklippe ning muid infomaterjale. VAATA Haridustehnoloogide poolt kogutud materjalid interneti ohutuse teemal. Sobivad kasutamiseks tundides, t\u00f6\u00f6tubades jne. VAATA S\u00f5ber Karu \u00e4pp on Lastekaitse Liidu ja Wise Estonia O\u00dc koost\u00f6\u00f6s valminud t\u00f6\u00f6riist lapsevanemale, mis suunab lapsega veedetud [&hellip;]<\/p>\n","protected":false},"author":8,"featured_media":0,"parent":0,"menu_order":0,"comment_status":"closed","ping_status":"closed","template":"","meta":{"_acf_changed":false,"inline_featured_image":false,"footnotes":""},"class_list":["post-220","page","type-page","status-publish","hentry"],"acf":[],"yoast_head":"<!-- This site is optimized with the Yoast SEO plugin v27.3 - https:\/\/yoast.com\/product\/yoast-seo-wordpress\/ -->\n<title>Juhendajale - Teeviit juunior<\/title>\n<meta name=\"robots\" content=\"index, follow, max-snippet:-1, max-image-preview:large, max-video-preview:-1\" \/>\n<link rel=\"canonical\" href=\"https:\/\/www.teeviit.ee\/juunior\/juhendajale\/\" \/>\n<meta property=\"og:locale\" content=\"et_EE\" \/>\n<meta property=\"og:type\" content=\"article\" \/>\n<meta property=\"og:title\" content=\"Juhendajale - Teeviit juunior\" \/>\n<meta property=\"og:description\" content=\"Liikluskasvatus.ee &#8211; siit leiad, s\u00f5ltumata vanusest ja peamistest liikumisviisidest, huvitavat, mitmekesist ning olulist infot liiklusohutuse teemadel. Siin on m\u00e4nge, videoklippe ning muid infomaterjale. VAATA Haridustehnoloogide poolt kogutud materjalid interneti ohutuse teemal. Sobivad kasutamiseks tundides, t\u00f6\u00f6tubades jne. VAATA S\u00f5ber Karu \u00e4pp on Lastekaitse Liidu ja Wise Estonia O\u00dc koost\u00f6\u00f6s valminud t\u00f6\u00f6riist lapsevanemale, mis suunab lapsega veedetud [&hellip;]\" \/>\n<meta property=\"og:url\" content=\"https:\/\/www.teeviit.ee\/juunior\/juhendajale\/\" \/>\n<meta property=\"og:site_name\" content=\"Teeviit juunior\" \/>\n<meta property=\"article:modified_time\" content=\"2023-01-22T15:09:42+00:00\" \/>\n<meta name=\"twitter:card\" content=\"summary_large_image\" \/>\n<meta name=\"twitter:label1\" content=\"Est. reading time\" \/>\n\t<meta name=\"twitter:data1\" content=\"1 minut\" \/>\n<script type=\"application\/ld+json\" class=\"yoast-schema-graph\">{\"@context\":\"https:\\\/\\\/schema.org\",\"@graph\":[{\"@type\":\"WebPage\",\"@id\":\"https:\\\/\\\/www.teeviit.ee\\\/juunior\\\/juhendajale\\\/\",\"url\":\"https:\\\/\\\/www.teeviit.ee\\\/juunior\\\/juhendajale\\\/\",\"name\":\"Juhendajale - Teeviit juunior\",\"isPartOf\":{\"@id\":\"https:\\\/\\\/www.teeviit.ee\\\/juunior\\\/#website\"},\"datePublished\":\"2023-01-06T15:20:41+00:00\",\"dateModified\":\"2023-01-22T15:09:42+00:00\",\"breadcrumb\":{\"@id\":\"https:\\\/\\\/www.teeviit.ee\\\/juunior\\\/juhendajale\\\/#breadcrumb\"},\"inLanguage\":\"et\",\"potentialAction\":[{\"@type\":\"ReadAction\",\"target\":[\"https:\\\/\\\/www.teeviit.ee\\\/juunior\\\/juhendajale\\\/\"]}]},{\"@type\":\"BreadcrumbList\",\"@id\":\"https:\\\/\\\/www.teeviit.ee\\\/juunior\\\/juhendajale\\\/#breadcrumb\",\"itemListElement\":[{\"@type\":\"ListItem\",\"position\":1,\"name\":\"Home\",\"item\":\"https:\\\/\\\/www.teeviit.ee\\\/juunior\\\/\"},{\"@type\":\"ListItem\",\"position\":2,\"name\":\"Juhendajale\"}]},{\"@type\":\"WebSite\",\"@id\":\"https:\\\/\\\/www.teeviit.ee\\\/juunior\\\/#website\",\"url\":\"https:\\\/\\\/www.teeviit.ee\\\/juunior\\\/\",\"name\":\"Teeviit juunior\",\"description\":\"Info ja m\u00e4nguportaal\",\"publisher\":{\"@id\":\"https:\\\/\\\/www.teeviit.ee\\\/juunior\\\/#organization\"},\"potentialAction\":[{\"@type\":\"SearchAction\",\"target\":{\"@type\":\"EntryPoint\",\"urlTemplate\":\"https:\\\/\\\/www.teeviit.ee\\\/juunior\\\/?s={search_term_string}\"},\"query-input\":{\"@type\":\"PropertyValueSpecification\",\"valueRequired\":true,\"valueName\":\"search_term_string\"}}],\"inLanguage\":\"et\"},{\"@type\":\"Organization\",\"@id\":\"https:\\\/\\\/www.teeviit.ee\\\/juunior\\\/#organization\",\"name\":\"Teeviit juunior\",\"url\":\"https:\\\/\\\/www.teeviit.ee\\\/juunior\\\/\",\"logo\":{\"@type\":\"ImageObject\",\"inLanguage\":\"et\",\"@id\":\"https:\\\/\\\/www.teeviit.ee\\\/juunior\\\/#\\\/schema\\\/logo\\\/image\\\/\",\"url\":\"https:\\\/\\\/www.teeviit.ee\\\/juunior\\\/wp-content\\\/uploads\\\/2022\\\/12\\\/Teeviit_juunior_logo_2022.svg\",\"contentUrl\":\"https:\\\/\\\/www.teeviit.ee\\\/juunior\\\/wp-content\\\/uploads\\\/2022\\\/12\\\/Teeviit_juunior_logo_2022.svg\",\"width\":521,\"height\":313,\"caption\":\"Teeviit juunior\"},\"image\":{\"@id\":\"https:\\\/\\\/www.teeviit.ee\\\/juunior\\\/#\\\/schema\\\/logo\\\/image\\\/\"}}]}<\/script>\n<!-- \/ Yoast SEO plugin. -->","yoast_head_json":{"title":"Juhendajale - Teeviit juunior","robots":{"index":"index","follow":"follow","max-snippet":"max-snippet:-1","max-image-preview":"max-image-preview:large","max-video-preview":"max-video-preview:-1"},"canonical":"https:\/\/www.teeviit.ee\/juunior\/juhendajale\/","og_locale":"et_EE","og_type":"article","og_title":"Juhendajale - Teeviit juunior","og_description":"Liikluskasvatus.ee &#8211; siit leiad, s\u00f5ltumata vanusest ja peamistest liikumisviisidest, huvitavat, mitmekesist ning olulist infot liiklusohutuse teemadel. Siin on m\u00e4nge, videoklippe ning muid infomaterjale. VAATA Haridustehnoloogide poolt kogutud materjalid interneti ohutuse teemal. Sobivad kasutamiseks tundides, t\u00f6\u00f6tubades jne. VAATA S\u00f5ber Karu \u00e4pp on Lastekaitse Liidu ja Wise Estonia O\u00dc koost\u00f6\u00f6s valminud t\u00f6\u00f6riist lapsevanemale, mis suunab lapsega veedetud [&hellip;]","og_url":"https:\/\/www.teeviit.ee\/juunior\/juhendajale\/","og_site_name":"Teeviit juunior","article_modified_time":"2023-01-22T15:09:42+00:00","twitter_card":"summary_large_image","twitter_misc":{"Est. reading time":"1 minut"},"schema":{"@context":"https:\/\/schema.org","@graph":[{"@type":"WebPage","@id":"https:\/\/www.teeviit.ee\/juunior\/juhendajale\/","url":"https:\/\/www.teeviit.ee\/juunior\/juhendajale\/","name":"Juhendajale - Teeviit juunior","isPartOf":{"@id":"https:\/\/www.teeviit.ee\/juunior\/#website"},"datePublished":"2023-01-06T15:20:41+00:00","dateModified":"2023-01-22T15:09:42+00:00","breadcrumb":{"@id":"https:\/\/www.teeviit.ee\/juunior\/juhendajale\/#breadcrumb"},"inLanguage":"et","potentialAction":[{"@type":"ReadAction","target":["https:\/\/www.teeviit.ee\/juunior\/juhendajale\/"]}]},{"@type":"BreadcrumbList","@id":"https:\/\/www.teeviit.ee\/juunior\/juhendajale\/#breadcrumb","itemListElement":[{"@type":"ListItem","position":1,"name":"Home","item":"https:\/\/www.teeviit.ee\/juunior\/"},{"@type":"ListItem","position":2,"name":"Juhendajale"}]},{"@type":"WebSite","@id":"https:\/\/www.teeviit.ee\/juunior\/#website","url":"https:\/\/www.teeviit.ee\/juunior\/","name":"Teeviit juunior","description":"Info ja m\u00e4nguportaal","publisher":{"@id":"https:\/\/www.teeviit.ee\/juunior\/#organization"},"potentialAction":[{"@type":"SearchAction","target":{"@type":"EntryPoint","urlTemplate":"https:\/\/www.teeviit.ee\/juunior\/?s={search_term_string}"},"query-input":{"@type":"PropertyValueSpecification","valueRequired":true,"valueName":"search_term_string"}}],"inLanguage":"et"},{"@type":"Organization","@id":"https:\/\/www.teeviit.ee\/juunior\/#organization","name":"Teeviit juunior","url":"https:\/\/www.teeviit.ee\/juunior\/","logo":{"@type":"ImageObject","inLanguage":"et","@id":"https:\/\/www.teeviit.ee\/juunior\/#\/schema\/logo\/image\/","url":"https:\/\/www.teeviit.ee\/juunior\/wp-content\/uploads\/2022\/12\/Teeviit_juunior_logo_2022.svg","contentUrl":"https:\/\/www.teeviit.ee\/juunior\/wp-content\/uploads\/2022\/12\/Teeviit_juunior_logo_2022.svg","width":521,"height":313,"caption":"Teeviit juunior"},"image":{"@id":"https:\/\/www.teeviit.ee\/juunior\/#\/schema\/logo\/image\/"}}]}},"_links":{"self":[{"href":"https:\/\/www.teeviit.ee\/juunior\/wp-json\/wp\/v2\/pages\/220","targetHints":{"allow":["GET"]}}],"collection":[{"href":"https:\/\/www.teeviit.ee\/juunior\/wp-json\/wp\/v2\/pages"}],"about":[{"href":"https:\/\/www.teeviit.ee\/juunior\/wp-json\/wp\/v2\/types\/page"}],"author":[{"embeddable":true,"href":"https:\/\/www.teeviit.ee\/juunior\/wp-json\/wp\/v2\/users\/8"}],"replies":[{"embeddable":true,"href":"https:\/\/www.teeviit.ee\/juunior\/wp-json\/wp\/v2\/comments?post=220"}],"version-history":[{"count":23,"href":"https:\/\/www.teeviit.ee\/juunior\/wp-json\/wp\/v2\/pages\/220\/revisions"}],"predecessor-version":[{"id":3071,"href":"https:\/\/www.teeviit.ee\/juunior\/wp-json\/wp\/v2\/pages\/220\/revisions\/3071"}],"wp:attachment":[{"href":"https:\/\/www.teeviit.ee\/juunior\/wp-json\/wp\/v2\/media?parent=220"}],"curies":[{"name":"wp","href":"https:\/\/api.w.org\/{rel}","templated":true}]}}